{"id":1288,"date":"2017-11-15T09:30:02","date_gmt":"2017-11-15T09:30:02","guid":{"rendered":"https:\/\/www.castellodimontozzi.it\/storia\/"},"modified":"2018-04-12T09:38:24","modified_gmt":"2018-04-12T09:38:24","slug":"history","status":"publish","type":"page","link":"https:\/\/www.castellodimontozzi.it\/en\/history\/","title":{"rendered":"History"},"content":{"rendered":"[mk_page_section bg_image=&#8221;https:\/\/www.castellodimontozzi.it\/wp-content\/uploads\/2017\/05\/gep.jpg&#8221; bg_position=&#8221;center center&#8221; bg_repeat=&#8221;no-repeat&#8221; bg_stretch=&#8221;true&#8221; enable_3d=&#8221;true&#8221; video_color_mask=&#8221;#000000&#8243; video_opacity=&#8221;0.3&#8243; min_height=&#8221;480&#8243; full_width=&#8221;true&#8221; full_height=&#8221;true&#8221; skip_arrow=&#8221;true&#8221; sidebar=&#8221;sidebar-1&#8243;][vc_column][mk_fancy_title color=&#8221;#ffffff&#8221; size=&#8221;48&#8243; font_weight=&#8221;300&#8243; txt_transform=&#8221;uppercase&#8221; letter_spacing=&#8221;1&#8243; margin_bottom=&#8221;&#8221; font_family=&#8221;none&#8221; align=&#8221;center&#8221;]FAMIGLIA BARTOLINI BALDELLI[\/mk_fancy_title][mk_fancy_title tag_name=&#8221;h3&#8243; color=&#8221;#ffffff&#8221; size=&#8221;36&#8243; font_weight=&#8221;300&#8243; txt_transform=&#8221;lowercase&#8221; font_family=&#8221;none&#8221; align=&#8221;center&#8221;]Legati al territorio dal 1500[\/mk_fancy_title][\/vc_column][\/mk_page_section][mk_page_section bg_position=&#8221;center center&#8221; full_width=&#8221;true&#8221; padding_top=&#8221;100&#8243; padding_bottom=&#8221;100&#8243; sidebar=&#8221;sidebar-1&#8243;][vc_column width=&#8221;1\/6&#8243;][\/vc_column][vc_column width=&#8221;2\/3&#8243;][mk_image src=&#8221;https:\/\/www.castellodimontozzi.it\/wp-content\/uploads\/2017\/05\/stemma-150&#215;150-1.png&#8221; image_size=&#8221;full&#8221; align=&#8221;center&#8221; margin_bottom=&#8221;20&#8243;][mk_fancy_title size=&#8221;24&#8243; txt_transform=&#8221;uppercase&#8221; font_family=&#8221;none&#8221; align=&#8221;center&#8221;]Una storia che inizia nel XII\u00a0secolo[\/mk_fancy_title][vc_column_text align=&#8221;center&#8221;]La famiglia<strong> Baldelli apparteneva alla nobilt\u00e0 feudale della citt\u00e0 di Cortona<\/strong> e, gi\u00e0 dal XIII secolo era una delle pi\u00f9 importanti di quella Citt\u00e0.[\/vc_column_text][\/vc_column][vc_column width=&#8221;1\/6&#8243;][\/vc_column][\/mk_page_section][mk_page_section layout_structure=&#8221;half_left&#8221; bg_image=&#8221;https:\/\/www.castellodimontozzi.it\/wp-content\/uploads\/2017\/05\/c.-montelungo.jpg&#8221; min_height=&#8221;560&#8243; js_vertical_centered=&#8221;true&#8221;][vc_column][mk_fancy_title font_family=&#8221;none&#8221;]\n<h3>Il Feudo di Montelungo<\/h3>\n[\/mk_fancy_title][vc_column_text]All&#8217;inizio del &#8216;<strong>400 Bartolommeo di Piero Bartolini Baldelli<\/strong> si trasfer\u00ec nel <strong>Feudo di Montelungo<\/strong> presso Terranuova nella Val d&#8217;Arno e i suoi d<strong>iscendenti iniziarono a farsi chiamare Bartolini Baldelli<\/strong> adottando lo stemma che ancora oggi contraddistingue la famiglia. Qui accrebbero la loro ricchezza facendo impresa tessile e laniera.<\/p>\n<p>La famiglia acquist\u00f2 terreni e beni nelle <strong>podesterie<\/strong> di <strong>Terranuova<\/strong>, <strong>Montevarchi<\/strong>, <strong>Laterina<\/strong> ed in <strong>Val d&#8217;Ambra<\/strong> costituendo negli anni uno dei <strong>maggiori latifondi della Val d&#8217;Arno di Sopra<\/strong> sulla quale il Castello di Montozzi si affaccia.<\/p>\n[mk_font_icons icon=&#8221;mk-moon-arrow-left-4&#8243; color=&#8221;#333333&#8243; size=&#8221;medium&#8221; padding_horizontal=&#8221;4&#8243; padding_vertical=&#8221;0&#8243; circle=&#8221;true&#8221; circle_color=&#8221;#cccccc&#8221; align=&#8221;left&#8221; link=&#8221;URL&#8221;] Scorcio del Feudo di Montelungo.[\/vc_column_text][\/vc_column][\/mk_page_section][mk_page_section layout_structure=&#8221;half_right&#8221; bg_image=&#8221;https:\/\/www.castellodimontozzi.it\/wp-content\/uploads\/2017\/05\/121416206.jpg&#8221; bg_stretch=&#8221;true&#8221; min_height=&#8221;560&#8243; js_vertical_centered=&#8221;true&#8221; padding_top=&#8221;150&#8243; padding_bottom=&#8221;150&#8243;][vc_column][mk_fancy_title font_family=&#8221;none&#8221;]\n<h3>Il periodo fiorentino<\/h3>\n[\/mk_fancy_title][vc_column_text]Dal <strong>1558<\/strong>, anno in cui <strong>Bartolommeo ed Antonio Bartolini Baldelli<\/strong> si unirono in <strong>matrimonio<\/strong> rispettivamente con <strong>Maria Ginevra<\/strong> e <strong>Lisabetta Concini<\/strong> \u2013 f<strong>iglie di Bartolommeo Concini primo consigliere di Cosimo I dei Medici<\/strong> \u2013 la famiglia <strong>sposta<\/strong> il fulcro della propria vita a <strong>Firenze<\/strong> dove entreranno a far parte della cittadinanza e la nobilt\u00e0 dell&#8217;allora capitale a partire dal 1562.<\/p>\n<p><strong>Furono tra i primi ad essere ascritti al cavalierato di Santo Stefano<\/strong> e risiederanno stabilmente nel loro Palazzo di Via dell&#8217;Anguillara a Firenze, impegnati per molte generazioni nello svolgimento dei maggiori incarichi di responsabilit\u00e0 nei governi Granducali sia sotto i Medici che sotto i Lorena. Certamente il <strong>ruolo istituzionale pi\u00f9 interessante<\/strong> che hanno ricoperto fu quello di <strong>Maestri Generali delle Poste medicee. <\/strong>Durante questa complessa attivit\u00e0 i Bartolini Baldelli ebbero occasione di <strong>confrontare<\/strong> la <strong>propria organizzazione<\/strong> con quella dei loro <strong>colleghi settentrionali Thurn und Taxis<\/strong> con cui furono spesso in contatto.<\/p>\n<p>Come nel caso di <strong>molte altre famiglie aristocratiche fiorentine<\/strong>, l&#8217;intensa attivit\u00e0 nella capitale non allontaner\u00e0 mai i Bartolini Baldelli <strong>dalla cura meticolosa e appassionata delle loro fattorie<\/strong>, che rester\u00e0 sempre una costante nei secoli sino ad oggi.[\/vc_column_text][\/vc_column][\/mk_page_section]\n","protected":false},"excerpt":{"rendered":"<p>[mk_page_section bg_image=&#8221;https:\/\/www.castellodimontozzi.it\/wp-content\/uploads\/2017\/05\/gep.jpg&#8221; bg_position=&#8221;center center&#8221; bg_repeat=&#8221;no-repeat&#8221; bg_stretch=&#8221;true&#8221; enable_3d=&#8221;true&#8221; video_color_mask=&#8221;#000000&#8243; video_opacity=&#8221;0.3&#8243; min_height=&#8221;480&#8243; full_width=&#8221;true&#8221; full_height=&#8221;true&#8221; skip_arrow=&#8221;true&#8221; sidebar=&#8221;sidebar-1&#8243;][vc_column][mk_fancy_title color=&#8221;#ffffff&#8221; size=&#8221;48&#8243; font_weight=&#8221;300&#8243; txt_transform=&#8221;uppercase&#8221; letter_spacing=&#8221;1&#8243; margin_bottom=&#8221;&#8221; font_family=&#8221;none&#8221; align=&#8221;center&#8221;]FAMIGLIA BARTOLINI BALDELLI[\/mk_fancy_title][mk_fancy_title tag_name=&#8221;h3&#8243; color=&#8221;#ffffff&#8221; size=&#8221;36&#8243; font_weight=&#8221;300&#8243; txt_transform=&#8221;lowercase&#8221; font_family=&#8221;none&#8221; align=&#8221;center&#8221;]Legati al territorio dal 1500[\/mk_fancy_title][\/vc_column][\/mk_page_section][mk_page_section bg_position=&#8221;center center&#8221; full_width=&#8221;true&#8221; padding_top=&#8221;100&#8243; padding_bottom=&#8221;100&#8243; sidebar=&#8221;sidebar-1&#8243;][vc_column width=&#8221;1\/6&#8243;][\/vc_column][vc_column width=&#8221;2\/3&#8243;][mk_image src=&#8221;https:\/\/www.castellodimontozzi.it\/wp-content\/uploads\/2017\/05\/stemma-150&#215;150-1.png&#8221; image_size=&#8221;full&#8221; align=&#8221;center&#8221; margin_bottom=&#8221;20&#8243;][mk_fancy_title size=&#8221;24&#8243; txt_transform=&#8221;uppercase&#8221; font_family=&#8221;none&#8221; align=&#8221;center&#8221;]Una storia che inizia nel [&hellip;]<\/p>\n","protected":false},"author":1,"featured_media":0,"parent":0,"menu_order":0,"comment_status":"closed","ping_status":"closed","template":"","meta":{"footnotes":""},"class_list":["post-1288","page","type-page","status-publish","hentry"],"yoast_head":"<!-- This site is optimized with the Yoast SEO plugin v25.9 - https:\/\/yoast.com\/wordpress\/plugins\/seo\/ -->\n<title>History - www.castellodimontozzi.it<\/title>\n<meta name=\"robots\" content=\"index, follow, max-snippet:-1, max-image-preview:large, max-video-preview:-1\" \/>\n<link rel=\"canonical\" href=\"https:\/\/www.castellodimontozzi.it\/en\/history\/\" \/>\n<meta property=\"og:locale\" content=\"en_US\" \/>\n<meta property=\"og:type\" content=\"article\" \/>\n<meta property=\"og:title\" content=\"History - www.castellodimontozzi.it\" \/>\n<meta property=\"og:description\" content=\"[mk_page_section bg_image=&#8221;https:\/\/www.castellodimontozzi.it\/wp-content\/uploads\/2017\/05\/gep.jpg&#8221; bg_position=&#8221;center center&#8221; bg_repeat=&#8221;no-repeat&#8221; bg_stretch=&#8221;true&#8221; enable_3d=&#8221;true&#8221; video_color_mask=&#8221;#000000&#8243; video_opacity=&#8221;0.3&#8243; min_height=&#8221;480&#8243; full_width=&#8221;true&#8221; full_height=&#8221;true&#8221; skip_arrow=&#8221;true&#8221; sidebar=&#8221;sidebar-1&#8243;][vc_column][mk_fancy_title color=&#8221;#ffffff&#8221; size=&#8221;48&#8243; font_weight=&#8221;300&#8243; txt_transform=&#8221;uppercase&#8221; letter_spacing=&#8221;1&#8243; margin_bottom=&#8221;&#8221; font_family=&#8221;none&#8221; align=&#8221;center&#8221;]FAMIGLIA BARTOLINI BALDELLI[\/mk_fancy_title][mk_fancy_title tag_name=&#8221;h3&#8243; color=&#8221;#ffffff&#8221; size=&#8221;36&#8243; font_weight=&#8221;300&#8243; txt_transform=&#8221;lowercase&#8221; font_family=&#8221;none&#8221; align=&#8221;center&#8221;]Legati al territorio dal 1500[\/mk_fancy_title][\/vc_column][\/mk_page_section][mk_page_section bg_position=&#8221;center center&#8221; full_width=&#8221;true&#8221; padding_top=&#8221;100&#8243; padding_bottom=&#8221;100&#8243; sidebar=&#8221;sidebar-1&#8243;][vc_column width=&#8221;1\/6&#8243;][\/vc_column][vc_column width=&#8221;2\/3&#8243;][mk_image src=&#8221;https:\/\/www.castellodimontozzi.it\/wp-content\/uploads\/2017\/05\/stemma-150&#215;150-1.png&#8221; image_size=&#8221;full&#8221; align=&#8221;center&#8221; margin_bottom=&#8221;20&#8243;][mk_fancy_title size=&#8221;24&#8243; txt_transform=&#8221;uppercase&#8221; font_family=&#8221;none&#8221; align=&#8221;center&#8221;]Una storia che inizia nel [&hellip;]\" \/>\n<meta property=\"og:url\" content=\"https:\/\/www.castellodimontozzi.it\/en\/history\/\" \/>\n<meta property=\"og:site_name\" content=\"www.castellodimontozzi.it\" \/>\n<meta property=\"article:modified_time\" content=\"2018-04-12T09:38:24+00:00\" \/>\n<meta name=\"twitter:card\" content=\"summary_large_image\" \/>\n<meta name=\"twitter:label1\" content=\"Est. reading time\" \/>\n\t<meta name=\"twitter:data1\" content=\"3 minutes\" \/>\n<script type=\"application\/ld+json\" class=\"yoast-schema-graph\">{\"@context\":\"https:\/\/schema.org\",\"@graph\":[{\"@type\":\"WebPage\",\"@id\":\"https:\/\/www.castellodimontozzi.it\/en\/history\/\",\"url\":\"https:\/\/www.castellodimontozzi.it\/en\/history\/\",\"name\":\"History - www.castellodimontozzi.it\",\"isPartOf\":{\"@id\":\"https:\/\/www.castellodimontozzi.it\/#website\"},\"datePublished\":\"2017-11-15T09:30:02+00:00\",\"dateModified\":\"2018-04-12T09:38:24+00:00\",\"breadcrumb\":{\"@id\":\"https:\/\/www.castellodimontozzi.it\/en\/history\/#breadcrumb\"},\"inLanguage\":\"en-US\",\"potentialAction\":[{\"@type\":\"ReadAction\",\"target\":[\"https:\/\/www.castellodimontozzi.it\/en\/history\/\"]}]},{\"@type\":\"BreadcrumbList\",\"@id\":\"https:\/\/www.castellodimontozzi.it\/en\/history\/#breadcrumb\",\"itemListElement\":[{\"@type\":\"ListItem\",\"position\":1,\"name\":\"Home\",\"item\":\"https:\/\/www.castellodimontozzi.it\/en\/\"},{\"@type\":\"ListItem\",\"position\":2,\"name\":\"History\"}]},{\"@type\":\"WebSite\",\"@id\":\"https:\/\/www.castellodimontozzi.it\/#website\",\"url\":\"https:\/\/www.castellodimontozzi.it\/\",\"name\":\"www.castellodimontozzi.it\",\"description\":\"Just another WordPress site\",\"potentialAction\":[{\"@type\":\"SearchAction\",\"target\":{\"@type\":\"EntryPoint\",\"urlTemplate\":\"https:\/\/www.castellodimontozzi.it\/?s={search_term_string}\"},\"query-input\":{\"@type\":\"PropertyValueSpecification\",\"valueRequired\":true,\"valueName\":\"search_term_string\"}}],\"inLanguage\":\"en-US\"}]}<\/script>\n<!-- \/ Yoast SEO plugin. -->","yoast_head_json":{"title":"History - www.castellodimontozzi.it","robots":{"index":"index","follow":"follow","max-snippet":"max-snippet:-1","max-image-preview":"max-image-preview:large","max-video-preview":"max-video-preview:-1"},"canonical":"https:\/\/www.castellodimontozzi.it\/en\/history\/","og_locale":"en_US","og_type":"article","og_title":"History - www.castellodimontozzi.it","og_description":"[mk_page_section bg_image=&#8221;https:\/\/www.castellodimontozzi.it\/wp-content\/uploads\/2017\/05\/gep.jpg&#8221; bg_position=&#8221;center center&#8221; bg_repeat=&#8221;no-repeat&#8221; bg_stretch=&#8221;true&#8221; enable_3d=&#8221;true&#8221; video_color_mask=&#8221;#000000&#8243; video_opacity=&#8221;0.3&#8243; min_height=&#8221;480&#8243; full_width=&#8221;true&#8221; full_height=&#8221;true&#8221; skip_arrow=&#8221;true&#8221; sidebar=&#8221;sidebar-1&#8243;][vc_column][mk_fancy_title color=&#8221;#ffffff&#8221; size=&#8221;48&#8243; font_weight=&#8221;300&#8243; txt_transform=&#8221;uppercase&#8221; letter_spacing=&#8221;1&#8243; margin_bottom=&#8221;&#8221; font_family=&#8221;none&#8221; align=&#8221;center&#8221;]FAMIGLIA BARTOLINI BALDELLI[\/mk_fancy_title][mk_fancy_title tag_name=&#8221;h3&#8243; color=&#8221;#ffffff&#8221; size=&#8221;36&#8243; font_weight=&#8221;300&#8243; txt_transform=&#8221;lowercase&#8221; font_family=&#8221;none&#8221; align=&#8221;center&#8221;]Legati al territorio dal 1500[\/mk_fancy_title][\/vc_column][\/mk_page_section][mk_page_section bg_position=&#8221;center center&#8221; full_width=&#8221;true&#8221; padding_top=&#8221;100&#8243; padding_bottom=&#8221;100&#8243; sidebar=&#8221;sidebar-1&#8243;][vc_column width=&#8221;1\/6&#8243;][\/vc_column][vc_column width=&#8221;2\/3&#8243;][mk_image src=&#8221;https:\/\/www.castellodimontozzi.it\/wp-content\/uploads\/2017\/05\/stemma-150&#215;150-1.png&#8221; image_size=&#8221;full&#8221; align=&#8221;center&#8221; margin_bottom=&#8221;20&#8243;][mk_fancy_title size=&#8221;24&#8243; txt_transform=&#8221;uppercase&#8221; font_family=&#8221;none&#8221; align=&#8221;center&#8221;]Una storia che inizia nel [&hellip;]","og_url":"https:\/\/www.castellodimontozzi.it\/en\/history\/","og_site_name":"www.castellodimontozzi.it","article_modified_time":"2018-04-12T09:38:24+00:00","twitter_card":"summary_large_image","twitter_misc":{"Est. reading time":"3 minutes"},"schema":{"@context":"https:\/\/schema.org","@graph":[{"@type":"WebPage","@id":"https:\/\/www.castellodimontozzi.it\/en\/history\/","url":"https:\/\/www.castellodimontozzi.it\/en\/history\/","name":"History - www.castellodimontozzi.it","isPartOf":{"@id":"https:\/\/www.castellodimontozzi.it\/#website"},"datePublished":"2017-11-15T09:30:02+00:00","dateModified":"2018-04-12T09:38:24+00:00","breadcrumb":{"@id":"https:\/\/www.castellodimontozzi.it\/en\/history\/#breadcrumb"},"inLanguage":"en-US","potentialAction":[{"@type":"ReadAction","target":["https:\/\/www.castellodimontozzi.it\/en\/history\/"]}]},{"@type":"BreadcrumbList","@id":"https:\/\/www.castellodimontozzi.it\/en\/history\/#breadcrumb","itemListElement":[{"@type":"ListItem","position":1,"name":"Home","item":"https:\/\/www.castellodimontozzi.it\/en\/"},{"@type":"ListItem","position":2,"name":"History"}]},{"@type":"WebSite","@id":"https:\/\/www.castellodimontozzi.it\/#website","url":"https:\/\/www.castellodimontozzi.it\/","name":"www.castellodimontozzi.it","description":"Just another WordPress site","potentialAction":[{"@type":"SearchAction","target":{"@type":"EntryPoint","urlTemplate":"https:\/\/www.castellodimontozzi.it\/?s={search_term_string}"},"query-input":{"@type":"PropertyValueSpecification","valueRequired":true,"valueName":"search_term_string"}}],"inLanguage":"en-US"}]}},"_links":{"self":[{"href":"https:\/\/www.castellodimontozzi.it\/en\/wp-json\/wp\/v2\/pages\/1288","targetHints":{"allow":["GET"]}}],"collection":[{"href":"https:\/\/www.castellodimontozzi.it\/en\/wp-json\/wp\/v2\/pages"}],"about":[{"href":"https:\/\/www.castellodimontozzi.it\/en\/wp-json\/wp\/v2\/types\/page"}],"author":[{"embeddable":true,"href":"https:\/\/www.castellodimontozzi.it\/en\/wp-json\/wp\/v2\/users\/1"}],"replies":[{"embeddable":true,"href":"https:\/\/www.castellodimontozzi.it\/en\/wp-json\/wp\/v2\/comments?post=1288"}],"version-history":[{"count":1,"href":"https:\/\/www.castellodimontozzi.it\/en\/wp-json\/wp\/v2\/pages\/1288\/revisions"}],"predecessor-version":[{"id":1304,"href":"https:\/\/www.castellodimontozzi.it\/en\/wp-json\/wp\/v2\/pages\/1288\/revisions\/1304"}],"wp:attachment":[{"href":"https:\/\/www.castellodimontozzi.it\/en\/wp-json\/wp\/v2\/media?parent=1288"}],"curies":[{"name":"wp","href":"https:\/\/api.w.org\/{rel}","templated":true}]}}