{"id":1566,"date":"2018-10-03T08:34:20","date_gmt":"2018-10-03T08:34:20","guid":{"rendered":"https:\/\/www.castellodimontozzi.it\/?page_id=1566\/"},"modified":"2018-10-03T08:34:20","modified_gmt":"2018-10-03T08:34:20","slug":"die-weine","status":"publish","type":"page","link":"https:\/\/www.castellodimontozzi.it\/de\/die-weine\/","title":{"rendered":"Die Weine"},"content":{"rendered":"[mk_page_section bg_image=&#8220;https:\/\/www.castellodimontozzi.it\/wp-content\/uploads\/2018\/02\/visite-e-degustazioni-14-1.jpg&#8220; bg_position=&#8220;center bottom&#8220; bg_repeat=&#8220;no-repeat&#8220; bg_stretch=&#8220;true&#8220; enable_3d=&#8220;true&#8220; speed_factor=&#8220;0.5&#8243; video_color_mask=&#8220;#000000&#8243; video_opacity=&#8220;0.3&#8243; min_height=&#8220;480&#8243; full_width=&#8220;true&#8220; full_height=&#8220;true&#8220; padding_top=&#8220;0&#8243; padding_bottom=&#8220;0&#8243; skip_arrow=&#8220;true&#8220; sidebar=&#8220;sidebar-1&#8243;][vc_column][mk_fancy_title color=&#8220;#ffffff&#8220; size=&#8220;50&#8243; font_weight=&#8220;300&#8243; txt_transform=&#8220;uppercase&#8220; letter_spacing=&#8220;2&#8243; font_family=&#8220;none&#8220; align=&#8220;center&#8220;]Der Weinkeller[\/mk_fancy_title][mk_fancy_title color=&#8220;#ffffff&#8220; size=&#8220;36&#8243; font_weight=&#8220;300&#8243; txt_transform=&#8220;none&#8220; font_family=&#8220;none&#8220; align=&#8220;center&#8220;]Eine vollkommen biologische Produktion[\/mk_fancy_title][\/vc_column][\/mk_page_section][mk_page_section bg_stretch=&#8220;true&#8220; min_height=&#8220;560&#8243; js_vertical_centered=&#8220;true&#8220; sidebar=&#8220;sidebar-1&#8243;][vc_column][mk_fancy_title size=&#8220;20&#8243; font_weight=&#8220;400&#8243; font_family=&#8220;none&#8220; align=&#8220;center&#8220;]Unser Weinkeller[\/mk_fancy_title][vc_column_text align=&#8220;center&#8220; css=&#8220;.vc_custom_1538555604779{margin-bottom: 0px !important;}&#8220;]Das Anwesen, zu dem heute Migliarina und Montozzi geh\u00f6ren, beinhaltet in der Tat einen bemerkenswerten Weinanbau im Herzen der Toskana, ein eindrucksvoller Ort, in dem sich Natur und Menschenhand in perfektem Gleichgewicht harmonisch vereinen.<\/p>\n<p>Aus der Verbindung eines im milden Klima gelegenen Landes mit abfallenden, sonnigen Weinbergen erh\u00e4lt man Trauben von h\u00f6chster Qualit\u00e4t, einzigartig in K\u00f6rper und Geschmack.<\/p>\n<p>Nach einer sorgf\u00e4ltigen G\u00e4rung, die bei \u00fcberwachter Temperatur in den Kellern von Migliarina stattfindet, reift eine Auslese in den Eichenf\u00e4ssern im antiken Weinkeller von Montozzi. Hier existiert auch eine Kollektion von Flaschen eines jeden guten Jahrganges, Beweis einer weiterf\u00fchrenden und sich entwickelnden Geschichte.[\/vc_column_text][\/vc_column][\/mk_page_section][mk_page_section bg_image=&#8220;https:\/\/www.castellodimontozzi.it\/wp-content\/uploads\/2017\/05\/bg-vini.jpg&#8220; bg_stretch=&#8220;true&#8220; enable_3d=&#8220;true&#8220; video_color_mask=&#8220;#000000&#8243; video_opacity=&#8220;0.3&#8243; full_height=&#8220;true&#8220; sidebar=&#8220;sidebar-1&#8243;][vc_column][mk_fancy_title tag_name=&#8220;h1&#8243; color=&#8220;#ffffff&#8220; size=&#8220;50&#8243; txt_transform=&#8220;uppercase&#8220; letter_spacing=&#8220;5&#8243; margin_bottom=&#8220;50&#8243; font_family=&#8220;none&#8220; align=&#8220;center&#8220;]Unsere Weine[\/mk_fancy_title][mk_portfolio image_size=&#8220;large&#8220; meta_type=&#8220;none&#8220; sortable=&#8220;false&#8220; order=&#8220;ASC&#8220; categories=&#8220;vino, vino-liquoroso, distillati&#8220;][\/vc_column][\/mk_page_section]\n","protected":false},"excerpt":{"rendered":"<p>[mk_page_section bg_image=&#8220;https:\/\/www.castellodimontozzi.it\/wp-content\/uploads\/2018\/02\/visite-e-degustazioni-14-1.jpg&#8220; bg_position=&#8220;center bottom&#8220; bg_repeat=&#8220;no-repeat&#8220; bg_stretch=&#8220;true&#8220; enable_3d=&#8220;true&#8220; speed_factor=&#8220;0.5&#8243; video_color_mask=&#8220;#000000&#8243; video_opacity=&#8220;0.3&#8243; min_height=&#8220;480&#8243; full_width=&#8220;true&#8220; full_height=&#8220;true&#8220; padding_top=&#8220;0&#8243; padding_bottom=&#8220;0&#8243; skip_arrow=&#8220;true&#8220; sidebar=&#8220;sidebar-1&#8243;][vc_column][mk_fancy_title color=&#8220;#ffffff&#8220; size=&#8220;50&#8243; font_weight=&#8220;300&#8243; txt_transform=&#8220;uppercase&#8220; letter_spacing=&#8220;2&#8243; font_family=&#8220;none&#8220; align=&#8220;center&#8220;]Der Weinkeller[\/mk_fancy_title][mk_fancy_title color=&#8220;#ffffff&#8220; size=&#8220;36&#8243; font_weight=&#8220;300&#8243; txt_transform=&#8220;none&#8220; font_family=&#8220;none&#8220; align=&#8220;center&#8220;]Eine vollkommen biologische Produktion[\/mk_fancy_title][\/vc_column][\/mk_page_section][mk_page_section bg_stretch=&#8220;true&#8220; min_height=&#8220;560&#8243; js_vertical_centered=&#8220;true&#8220; sidebar=&#8220;sidebar-1&#8243;][vc_column][mk_fancy_title size=&#8220;20&#8243; font_weight=&#8220;400&#8243; font_family=&#8220;none&#8220; align=&#8220;center&#8220;]Unser Weinkeller[\/mk_fancy_title][vc_column_text align=&#8220;center&#8220; css=&#8220;.vc_custom_1538555604779{margin-bottom: 0px !important;}&#8220;]Das Anwesen, zu dem heute Migliarina und Montozzi geh\u00f6ren, [&hellip;]<\/p>\n","protected":false},"author":1,"featured_media":0,"parent":0,"menu_order":0,"comment_status":"closed","ping_status":"closed","template":"","meta":{"footnotes":""},"class_list":["post-1566","page","type-page","status-publish","hentry"],"yoast_head":"<!-- This site is optimized with the Yoast SEO plugin v25.9 - https:\/\/yoast.com\/wordpress\/plugins\/seo\/ -->\n<title>Die Weine - www.castellodimontozzi.it<\/title>\n<meta name=\"robots\" content=\"index, follow, max-snippet:-1, max-image-preview:large, max-video-preview:-1\" \/>\n<link rel=\"canonical\" href=\"https:\/\/www.castellodimontozzi.it\/de\/die-weine\/\" \/>\n<meta property=\"og:locale\" content=\"de_DE\" \/>\n<meta property=\"og:type\" content=\"article\" \/>\n<meta property=\"og:title\" content=\"Die Weine - www.castellodimontozzi.it\" \/>\n<meta property=\"og:description\" content=\"[mk_page_section bg_image=&#8220;https:\/\/www.castellodimontozzi.it\/wp-content\/uploads\/2018\/02\/visite-e-degustazioni-14-1.jpg&#8220; bg_position=&#8220;center bottom&#8220; bg_repeat=&#8220;no-repeat&#8220; bg_stretch=&#8220;true&#8220; enable_3d=&#8220;true&#8220; speed_factor=&#8220;0.5&#8243; video_color_mask=&#8220;#000000&#8243; video_opacity=&#8220;0.3&#8243; min_height=&#8220;480&#8243; full_width=&#8220;true&#8220; full_height=&#8220;true&#8220; padding_top=&#8220;0&#8243; padding_bottom=&#8220;0&#8243; skip_arrow=&#8220;true&#8220; sidebar=&#8220;sidebar-1&#8243;][vc_column][mk_fancy_title color=&#8220;#ffffff&#8220; size=&#8220;50&#8243; font_weight=&#8220;300&#8243; txt_transform=&#8220;uppercase&#8220; letter_spacing=&#8220;2&#8243; font_family=&#8220;none&#8220; align=&#8220;center&#8220;]Der Weinkeller[\/mk_fancy_title][mk_fancy_title color=&#8220;#ffffff&#8220; size=&#8220;36&#8243; font_weight=&#8220;300&#8243; txt_transform=&#8220;none&#8220; font_family=&#8220;none&#8220; align=&#8220;center&#8220;]Eine vollkommen biologische Produktion[\/mk_fancy_title][\/vc_column][\/mk_page_section][mk_page_section bg_stretch=&#8220;true&#8220; min_height=&#8220;560&#8243; js_vertical_centered=&#8220;true&#8220; sidebar=&#8220;sidebar-1&#8243;][vc_column][mk_fancy_title size=&#8220;20&#8243; font_weight=&#8220;400&#8243; font_family=&#8220;none&#8220; align=&#8220;center&#8220;]Unser Weinkeller[\/mk_fancy_title][vc_column_text align=&#8220;center&#8220; css=&#8220;.vc_custom_1538555604779{margin-bottom: 0px !important;}&#8220;]Das Anwesen, zu dem heute Migliarina und Montozzi geh\u00f6ren, [&hellip;]\" \/>\n<meta property=\"og:url\" content=\"https:\/\/www.castellodimontozzi.it\/de\/die-weine\/\" \/>\n<meta property=\"og:site_name\" content=\"www.castellodimontozzi.it\" \/>\n<meta name=\"twitter:card\" content=\"summary_large_image\" \/>\n<meta name=\"twitter:label1\" content=\"Gesch\u00e4tzte Lesezeit\" \/>\n\t<meta name=\"twitter:data1\" content=\"2\u00a0Minuten\" \/>\n<script type=\"application\/ld+json\" class=\"yoast-schema-graph\">{\"@context\":\"https:\/\/schema.org\",\"@graph\":[{\"@type\":\"WebPage\",\"@id\":\"https:\/\/www.castellodimontozzi.it\/de\/die-weine\/\",\"url\":\"https:\/\/www.castellodimontozzi.it\/de\/die-weine\/\",\"name\":\"Die Weine - www.castellodimontozzi.it\",\"isPartOf\":{\"@id\":\"https:\/\/www.castellodimontozzi.it\/#website\"},\"datePublished\":\"2018-10-03T08:34:20+00:00\",\"breadcrumb\":{\"@id\":\"https:\/\/www.castellodimontozzi.it\/de\/die-weine\/#breadcrumb\"},\"inLanguage\":\"de\",\"potentialAction\":[{\"@type\":\"ReadAction\",\"target\":[\"https:\/\/www.castellodimontozzi.it\/de\/die-weine\/\"]}]},{\"@type\":\"BreadcrumbList\",\"@id\":\"https:\/\/www.castellodimontozzi.it\/de\/die-weine\/#breadcrumb\",\"itemListElement\":[{\"@type\":\"ListItem\",\"position\":1,\"name\":\"Home\",\"item\":\"https:\/\/www.castellodimontozzi.it\/de\/\"},{\"@type\":\"ListItem\",\"position\":2,\"name\":\"Die Weine\"}]},{\"@type\":\"WebSite\",\"@id\":\"https:\/\/www.castellodimontozzi.it\/#website\",\"url\":\"https:\/\/www.castellodimontozzi.it\/\",\"name\":\"www.castellodimontozzi.it\",\"description\":\"Just another WordPress site\",\"potentialAction\":[{\"@type\":\"SearchAction\",\"target\":{\"@type\":\"EntryPoint\",\"urlTemplate\":\"https:\/\/www.castellodimontozzi.it\/?s={search_term_string}\"},\"query-input\":{\"@type\":\"PropertyValueSpecification\",\"valueRequired\":true,\"valueName\":\"search_term_string\"}}],\"inLanguage\":\"de\"}]}<\/script>\n<!-- \/ Yoast SEO plugin. -->","yoast_head_json":{"title":"Die Weine - www.castellodimontozzi.it","robots":{"index":"index","follow":"follow","max-snippet":"max-snippet:-1","max-image-preview":"max-image-preview:large","max-video-preview":"max-video-preview:-1"},"canonical":"https:\/\/www.castellodimontozzi.it\/de\/die-weine\/","og_locale":"de_DE","og_type":"article","og_title":"Die Weine - www.castellodimontozzi.it","og_description":"[mk_page_section bg_image=&#8220;https:\/\/www.castellodimontozzi.it\/wp-content\/uploads\/2018\/02\/visite-e-degustazioni-14-1.jpg&#8220; bg_position=&#8220;center bottom&#8220; bg_repeat=&#8220;no-repeat&#8220; bg_stretch=&#8220;true&#8220; enable_3d=&#8220;true&#8220; speed_factor=&#8220;0.5&#8243; video_color_mask=&#8220;#000000&#8243; video_opacity=&#8220;0.3&#8243; min_height=&#8220;480&#8243; full_width=&#8220;true&#8220; full_height=&#8220;true&#8220; padding_top=&#8220;0&#8243; padding_bottom=&#8220;0&#8243; skip_arrow=&#8220;true&#8220; sidebar=&#8220;sidebar-1&#8243;][vc_column][mk_fancy_title color=&#8220;#ffffff&#8220; size=&#8220;50&#8243; font_weight=&#8220;300&#8243; txt_transform=&#8220;uppercase&#8220; letter_spacing=&#8220;2&#8243; font_family=&#8220;none&#8220; align=&#8220;center&#8220;]Der Weinkeller[\/mk_fancy_title][mk_fancy_title color=&#8220;#ffffff&#8220; size=&#8220;36&#8243; font_weight=&#8220;300&#8243; txt_transform=&#8220;none&#8220; font_family=&#8220;none&#8220; align=&#8220;center&#8220;]Eine vollkommen biologische Produktion[\/mk_fancy_title][\/vc_column][\/mk_page_section][mk_page_section bg_stretch=&#8220;true&#8220; min_height=&#8220;560&#8243; js_vertical_centered=&#8220;true&#8220; sidebar=&#8220;sidebar-1&#8243;][vc_column][mk_fancy_title size=&#8220;20&#8243; font_weight=&#8220;400&#8243; font_family=&#8220;none&#8220; align=&#8220;center&#8220;]Unser Weinkeller[\/mk_fancy_title][vc_column_text align=&#8220;center&#8220; css=&#8220;.vc_custom_1538555604779{margin-bottom: 0px !important;}&#8220;]Das Anwesen, zu dem heute Migliarina und Montozzi geh\u00f6ren, [&hellip;]","og_url":"https:\/\/www.castellodimontozzi.it\/de\/die-weine\/","og_site_name":"www.castellodimontozzi.it","twitter_card":"summary_large_image","twitter_misc":{"Gesch\u00e4tzte Lesezeit":"2\u00a0Minuten"},"schema":{"@context":"https:\/\/schema.org","@graph":[{"@type":"WebPage","@id":"https:\/\/www.castellodimontozzi.it\/de\/die-weine\/","url":"https:\/\/www.castellodimontozzi.it\/de\/die-weine\/","name":"Die Weine - www.castellodimontozzi.it","isPartOf":{"@id":"https:\/\/www.castellodimontozzi.it\/#website"},"datePublished":"2018-10-03T08:34:20+00:00","breadcrumb":{"@id":"https:\/\/www.castellodimontozzi.it\/de\/die-weine\/#breadcrumb"},"inLanguage":"de","potentialAction":[{"@type":"ReadAction","target":["https:\/\/www.castellodimontozzi.it\/de\/die-weine\/"]}]},{"@type":"BreadcrumbList","@id":"https:\/\/www.castellodimontozzi.it\/de\/die-weine\/#breadcrumb","itemListElement":[{"@type":"ListItem","position":1,"name":"Home","item":"https:\/\/www.castellodimontozzi.it\/de\/"},{"@type":"ListItem","position":2,"name":"Die Weine"}]},{"@type":"WebSite","@id":"https:\/\/www.castellodimontozzi.it\/#website","url":"https:\/\/www.castellodimontozzi.it\/","name":"www.castellodimontozzi.it","description":"Just another WordPress site","potentialAction":[{"@type":"SearchAction","target":{"@type":"EntryPoint","urlTemplate":"https:\/\/www.castellodimontozzi.it\/?s={search_term_string}"},"query-input":{"@type":"PropertyValueSpecification","valueRequired":true,"valueName":"search_term_string"}}],"inLanguage":"de"}]}},"_links":{"self":[{"href":"https:\/\/www.castellodimontozzi.it\/de\/wp-json\/wp\/v2\/pages\/1566","targetHints":{"allow":["GET"]}}],"collection":[{"href":"https:\/\/www.castellodimontozzi.it\/de\/wp-json\/wp\/v2\/pages"}],"about":[{"href":"https:\/\/www.castellodimontozzi.it\/de\/wp-json\/wp\/v2\/types\/page"}],"author":[{"embeddable":true,"href":"https:\/\/www.castellodimontozzi.it\/de\/wp-json\/wp\/v2\/users\/1"}],"replies":[{"embeddable":true,"href":"https:\/\/www.castellodimontozzi.it\/de\/wp-json\/wp\/v2\/comments?post=1566"}],"version-history":[{"count":1,"href":"https:\/\/www.castellodimontozzi.it\/de\/wp-json\/wp\/v2\/pages\/1566\/revisions"}],"predecessor-version":[{"id":1567,"href":"https:\/\/www.castellodimontozzi.it\/de\/wp-json\/wp\/v2\/pages\/1566\/revisions\/1567"}],"wp:attachment":[{"href":"https:\/\/www.castellodimontozzi.it\/de\/wp-json\/wp\/v2\/media?parent=1566"}],"curies":[{"name":"wp","href":"https:\/\/api.w.org\/{rel}","templated":true}]}}