{"id":1538,"date":"2018-10-03T08:28:46","date_gmt":"2018-10-03T08:28:46","guid":{"rendered":"https:\/\/www.castellodimontozzi.it\/?page_id=1538\/"},"modified":"2018-10-03T08:28:46","modified_gmt":"2018-10-03T08:28:46","slug":"der-betrieb","status":"publish","type":"page","link":"https:\/\/www.castellodimontozzi.it\/de\/der-betrieb\/","title":{"rendered":"Der Betrieb"},"content":{"rendered":"[mk_page_section bg_image=&#8220;https:\/\/www.castellodimontozzi.it\/wp-content\/uploads\/2017\/05\/azienda_agricola_la_migliarina_01.jpg&#8220; bg_position=&#8220;center top&#8220; bg_repeat=&#8220;no-repeat&#8220; bg_stretch=&#8220;true&#8220; video_color_mask=&#8220;#000000&#8243; video_opacity=&#8220;0.1&#8243; min_height=&#8220;480&#8243; full_width=&#8220;true&#8220; full_height=&#8220;true&#8220; padding_top=&#8220;0&#8243; padding_bottom=&#8220;0&#8243; skip_arrow=&#8220;true&#8220; sidebar=&#8220;sidebar-1&#8243;][vc_column][mk_fancy_title color=&#8220;#ffffff&#8220; size=&#8220;50&#8243; font_weight=&#8220;300&#8243; txt_transform=&#8220;uppercase&#8220; letter_spacing=&#8220;2&#8243; font_family=&#8220;none&#8220; align=&#8220;center&#8220;]Der Betrieb[\/mk_fancy_title][mk_fancy_title color=&#8220;#ffffff&#8220; size=&#8220;36&#8243; font_weight=&#8220;300&#8243; txt_transform=&#8220;none&#8220; font_family=&#8220;none&#8220; align=&#8220;center&#8220;]Eine Leidenschaft \u00fcber Generationen hinweg[\/mk_fancy_title][\/vc_column][\/mk_page_section][mk_page_section bg_stretch=&#8220;true&#8220; min_height=&#8220;560&#8243; js_vertical_centered=&#8220;true&#8220; sidebar=&#8220;sidebar-1&#8243;][vc_column][mk_fancy_title size=&#8220;20&#8243; font_weight=&#8220;400&#8243; font_family=&#8220;none&#8220; align=&#8220;center&#8220;]Land der Weine, des \u00d6les und der Getreide[\/mk_fancy_title][vc_column_text align=&#8220;center&#8220; css=&#8220;.vc_custom_1538555315667{margin-bottom: 0px !important;}&#8220;]\n<p style=\"text-align: center;\">Das Land rings um Montozzi wird seit Jahrhunderten mit Weinbergen, Ulivenhainen, Getreide und H\u00fclsengew\u00e4chsen bebaut.<\/p>\n<p style=\"text-align: center;\">Das Archiv der Bartolini Baldelli enth\u00e4lt Schriftst\u00fccke, die auf Produktion und wirtschaftliche Werte der Erzeugnisse schon von 1500 ab hinweisen.<br \/>\nAusserdem erliess Cosimo der III. de Medici im Jahre 1716 die ber\u00fchmte Ausschreibung, in der das Obere Arnotal, zusammen mit den Gebieten des Chianti, Carmignano und Pomino, als die vier f\u00fcr den Weinbau ganz besonders geeigneten Gebiete des gesamten Grossherzogtums bezeichnet werden.<\/p>\n<p style=\"text-align: center;\">Und gerade im Oberen Arnotal begr\u00fcndet das Schloss Montozzi seine Tradition im Weinanbau, indem es auch heute noch zu den gr\u00f6ssten Chianti-Gebieten geh\u00f6rt.<\/p>\n<p style=\"text-align: center;\">Auf Wunsch der Besitzer Giovanni Battista und Piero Bartolini Baldelli wurde 1980 der Betriebsschwerpunkt des Gutes Castello di Montozzi dem des benachbarten Gutes Villa di Migliarina angeschlossen. Von da an f\u00fchren beide Betriebe ihre Aufgaben synergistisch und vereint aus.<\/p>\n<p style=\"text-align: center;\">Das Gebiet umfasst 620 Hektar, davon 200 ha Saatland, 25 ha Weinberge und 25 ha Ulivenhaine, der Rest ist Schlagwald.<\/p>\n<p style=\"text-align: center;\">Der letzte wichtige Schritt ist, dass Carlo und Antonio Bartolini Baldelli, die heute den ganzen Betrieb leiten, von 2010 an die gesamte Produktion auf BIO umgestellt haben.<\/p>\n[\/vc_column_text][\/vc_column][\/mk_page_section][mk_page_section sidebar=&#8220;sidebar-1&#8243;][vc_column][mk_gallery images=&#8220;776,665,785,1181,1177,794,788,792,1186&#8243; disable_title=&#8220;true&#8220; orderby=&#8220;post__in&#8220;][\/vc_column][\/mk_page_section]\n","protected":false},"excerpt":{"rendered":"<p>[mk_page_section bg_image=&#8220;https:\/\/www.castellodimontozzi.it\/wp-content\/uploads\/2017\/05\/azienda_agricola_la_migliarina_01.jpg&#8220; bg_position=&#8220;center top&#8220; bg_repeat=&#8220;no-repeat&#8220; bg_stretch=&#8220;true&#8220; video_color_mask=&#8220;#000000&#8243; video_opacity=&#8220;0.1&#8243; min_height=&#8220;480&#8243; full_width=&#8220;true&#8220; full_height=&#8220;true&#8220; padding_top=&#8220;0&#8243; padding_bottom=&#8220;0&#8243; skip_arrow=&#8220;true&#8220; sidebar=&#8220;sidebar-1&#8243;][vc_column][mk_fancy_title color=&#8220;#ffffff&#8220; size=&#8220;50&#8243; font_weight=&#8220;300&#8243; txt_transform=&#8220;uppercase&#8220; letter_spacing=&#8220;2&#8243; font_family=&#8220;none&#8220; align=&#8220;center&#8220;]Der Betrieb[\/mk_fancy_title][mk_fancy_title color=&#8220;#ffffff&#8220; size=&#8220;36&#8243; font_weight=&#8220;300&#8243; txt_transform=&#8220;none&#8220; font_family=&#8220;none&#8220; align=&#8220;center&#8220;]Eine Leidenschaft \u00fcber Generationen hinweg[\/mk_fancy_title][\/vc_column][\/mk_page_section][mk_page_section bg_stretch=&#8220;true&#8220; min_height=&#8220;560&#8243; js_vertical_centered=&#8220;true&#8220; sidebar=&#8220;sidebar-1&#8243;][vc_column][mk_fancy_title size=&#8220;20&#8243; font_weight=&#8220;400&#8243; font_family=&#8220;none&#8220; align=&#8220;center&#8220;]Land der Weine, des \u00d6les und der Getreide[\/mk_fancy_title][vc_column_text align=&#8220;center&#8220; css=&#8220;.vc_custom_1538555315667{margin-bottom: 0px !important;}&#8220;] Das Land rings [&hellip;]<\/p>\n","protected":false},"author":1,"featured_media":0,"parent":0,"menu_order":0,"comment_status":"closed","ping_status":"closed","template":"","meta":{"footnotes":""},"class_list":["post-1538","page","type-page","status-publish","hentry"],"yoast_head":"<!-- This site is optimized with the Yoast SEO plugin v25.9 - https:\/\/yoast.com\/wordpress\/plugins\/seo\/ -->\n<title>Der Betrieb - www.castellodimontozzi.it<\/title>\n<meta name=\"robots\" content=\"index, follow, max-snippet:-1, max-image-preview:large, max-video-preview:-1\" \/>\n<link rel=\"canonical\" href=\"https:\/\/www.castellodimontozzi.it\/de\/der-betrieb\/\" \/>\n<meta property=\"og:locale\" content=\"de_DE\" \/>\n<meta property=\"og:type\" content=\"article\" \/>\n<meta property=\"og:title\" content=\"Der Betrieb - www.castellodimontozzi.it\" \/>\n<meta property=\"og:description\" content=\"[mk_page_section bg_image=&#8220;https:\/\/www.castellodimontozzi.it\/wp-content\/uploads\/2017\/05\/azienda_agricola_la_migliarina_01.jpg&#8220; bg_position=&#8220;center top&#8220; bg_repeat=&#8220;no-repeat&#8220; bg_stretch=&#8220;true&#8220; video_color_mask=&#8220;#000000&#8243; video_opacity=&#8220;0.1&#8243; min_height=&#8220;480&#8243; full_width=&#8220;true&#8220; full_height=&#8220;true&#8220; padding_top=&#8220;0&#8243; padding_bottom=&#8220;0&#8243; skip_arrow=&#8220;true&#8220; sidebar=&#8220;sidebar-1&#8243;][vc_column][mk_fancy_title color=&#8220;#ffffff&#8220; size=&#8220;50&#8243; font_weight=&#8220;300&#8243; txt_transform=&#8220;uppercase&#8220; letter_spacing=&#8220;2&#8243; font_family=&#8220;none&#8220; align=&#8220;center&#8220;]Der Betrieb[\/mk_fancy_title][mk_fancy_title color=&#8220;#ffffff&#8220; size=&#8220;36&#8243; font_weight=&#8220;300&#8243; txt_transform=&#8220;none&#8220; font_family=&#8220;none&#8220; align=&#8220;center&#8220;]Eine Leidenschaft \u00fcber Generationen hinweg[\/mk_fancy_title][\/vc_column][\/mk_page_section][mk_page_section bg_stretch=&#8220;true&#8220; min_height=&#8220;560&#8243; js_vertical_centered=&#8220;true&#8220; sidebar=&#8220;sidebar-1&#8243;][vc_column][mk_fancy_title size=&#8220;20&#8243; font_weight=&#8220;400&#8243; font_family=&#8220;none&#8220; align=&#8220;center&#8220;]Land der Weine, des \u00d6les und der Getreide[\/mk_fancy_title][vc_column_text align=&#8220;center&#8220; css=&#8220;.vc_custom_1538555315667{margin-bottom: 0px !important;}&#8220;] Das Land rings [&hellip;]\" \/>\n<meta property=\"og:url\" content=\"https:\/\/www.castellodimontozzi.it\/de\/der-betrieb\/\" \/>\n<meta property=\"og:site_name\" content=\"www.castellodimontozzi.it\" \/>\n<meta name=\"twitter:card\" content=\"summary_large_image\" \/>\n<meta name=\"twitter:label1\" content=\"Gesch\u00e4tzte Lesezeit\" \/>\n\t<meta name=\"twitter:data1\" content=\"2\u00a0Minuten\" \/>\n<script type=\"application\/ld+json\" class=\"yoast-schema-graph\">{\"@context\":\"https:\/\/schema.org\",\"@graph\":[{\"@type\":\"WebPage\",\"@id\":\"https:\/\/www.castellodimontozzi.it\/de\/der-betrieb\/\",\"url\":\"https:\/\/www.castellodimontozzi.it\/de\/der-betrieb\/\",\"name\":\"Der Betrieb - www.castellodimontozzi.it\",\"isPartOf\":{\"@id\":\"https:\/\/www.castellodimontozzi.it\/#website\"},\"datePublished\":\"2018-10-03T08:28:46+00:00\",\"breadcrumb\":{\"@id\":\"https:\/\/www.castellodimontozzi.it\/de\/der-betrieb\/#breadcrumb\"},\"inLanguage\":\"de\",\"potentialAction\":[{\"@type\":\"ReadAction\",\"target\":[\"https:\/\/www.castellodimontozzi.it\/de\/der-betrieb\/\"]}]},{\"@type\":\"BreadcrumbList\",\"@id\":\"https:\/\/www.castellodimontozzi.it\/de\/der-betrieb\/#breadcrumb\",\"itemListElement\":[{\"@type\":\"ListItem\",\"position\":1,\"name\":\"Home\",\"item\":\"https:\/\/www.castellodimontozzi.it\/de\/\"},{\"@type\":\"ListItem\",\"position\":2,\"name\":\"Der Betrieb\"}]},{\"@type\":\"WebSite\",\"@id\":\"https:\/\/www.castellodimontozzi.it\/#website\",\"url\":\"https:\/\/www.castellodimontozzi.it\/\",\"name\":\"www.castellodimontozzi.it\",\"description\":\"Just another WordPress site\",\"potentialAction\":[{\"@type\":\"SearchAction\",\"target\":{\"@type\":\"EntryPoint\",\"urlTemplate\":\"https:\/\/www.castellodimontozzi.it\/?s={search_term_string}\"},\"query-input\":{\"@type\":\"PropertyValueSpecification\",\"valueRequired\":true,\"valueName\":\"search_term_string\"}}],\"inLanguage\":\"de\"}]}<\/script>\n<!-- \/ Yoast SEO plugin. -->","yoast_head_json":{"title":"Der Betrieb - www.castellodimontozzi.it","robots":{"index":"index","follow":"follow","max-snippet":"max-snippet:-1","max-image-preview":"max-image-preview:large","max-video-preview":"max-video-preview:-1"},"canonical":"https:\/\/www.castellodimontozzi.it\/de\/der-betrieb\/","og_locale":"de_DE","og_type":"article","og_title":"Der Betrieb - www.castellodimontozzi.it","og_description":"[mk_page_section bg_image=&#8220;https:\/\/www.castellodimontozzi.it\/wp-content\/uploads\/2017\/05\/azienda_agricola_la_migliarina_01.jpg&#8220; bg_position=&#8220;center top&#8220; bg_repeat=&#8220;no-repeat&#8220; bg_stretch=&#8220;true&#8220; video_color_mask=&#8220;#000000&#8243; video_opacity=&#8220;0.1&#8243; min_height=&#8220;480&#8243; full_width=&#8220;true&#8220; full_height=&#8220;true&#8220; padding_top=&#8220;0&#8243; padding_bottom=&#8220;0&#8243; skip_arrow=&#8220;true&#8220; sidebar=&#8220;sidebar-1&#8243;][vc_column][mk_fancy_title color=&#8220;#ffffff&#8220; size=&#8220;50&#8243; font_weight=&#8220;300&#8243; txt_transform=&#8220;uppercase&#8220; letter_spacing=&#8220;2&#8243; font_family=&#8220;none&#8220; align=&#8220;center&#8220;]Der Betrieb[\/mk_fancy_title][mk_fancy_title color=&#8220;#ffffff&#8220; size=&#8220;36&#8243; font_weight=&#8220;300&#8243; txt_transform=&#8220;none&#8220; font_family=&#8220;none&#8220; align=&#8220;center&#8220;]Eine Leidenschaft \u00fcber Generationen hinweg[\/mk_fancy_title][\/vc_column][\/mk_page_section][mk_page_section bg_stretch=&#8220;true&#8220; min_height=&#8220;560&#8243; js_vertical_centered=&#8220;true&#8220; sidebar=&#8220;sidebar-1&#8243;][vc_column][mk_fancy_title size=&#8220;20&#8243; font_weight=&#8220;400&#8243; font_family=&#8220;none&#8220; align=&#8220;center&#8220;]Land der Weine, des \u00d6les und der Getreide[\/mk_fancy_title][vc_column_text align=&#8220;center&#8220; css=&#8220;.vc_custom_1538555315667{margin-bottom: 0px !important;}&#8220;] Das Land rings [&hellip;]","og_url":"https:\/\/www.castellodimontozzi.it\/de\/der-betrieb\/","og_site_name":"www.castellodimontozzi.it","twitter_card":"summary_large_image","twitter_misc":{"Gesch\u00e4tzte Lesezeit":"2\u00a0Minuten"},"schema":{"@context":"https:\/\/schema.org","@graph":[{"@type":"WebPage","@id":"https:\/\/www.castellodimontozzi.it\/de\/der-betrieb\/","url":"https:\/\/www.castellodimontozzi.it\/de\/der-betrieb\/","name":"Der Betrieb - www.castellodimontozzi.it","isPartOf":{"@id":"https:\/\/www.castellodimontozzi.it\/#website"},"datePublished":"2018-10-03T08:28:46+00:00","breadcrumb":{"@id":"https:\/\/www.castellodimontozzi.it\/de\/der-betrieb\/#breadcrumb"},"inLanguage":"de","potentialAction":[{"@type":"ReadAction","target":["https:\/\/www.castellodimontozzi.it\/de\/der-betrieb\/"]}]},{"@type":"BreadcrumbList","@id":"https:\/\/www.castellodimontozzi.it\/de\/der-betrieb\/#breadcrumb","itemListElement":[{"@type":"ListItem","position":1,"name":"Home","item":"https:\/\/www.castellodimontozzi.it\/de\/"},{"@type":"ListItem","position":2,"name":"Der Betrieb"}]},{"@type":"WebSite","@id":"https:\/\/www.castellodimontozzi.it\/#website","url":"https:\/\/www.castellodimontozzi.it\/","name":"www.castellodimontozzi.it","description":"Just another WordPress site","potentialAction":[{"@type":"SearchAction","target":{"@type":"EntryPoint","urlTemplate":"https:\/\/www.castellodimontozzi.it\/?s={search_term_string}"},"query-input":{"@type":"PropertyValueSpecification","valueRequired":true,"valueName":"search_term_string"}}],"inLanguage":"de"}]}},"_links":{"self":[{"href":"https:\/\/www.castellodimontozzi.it\/de\/wp-json\/wp\/v2\/pages\/1538","targetHints":{"allow":["GET"]}}],"collection":[{"href":"https:\/\/www.castellodimontozzi.it\/de\/wp-json\/wp\/v2\/pages"}],"about":[{"href":"https:\/\/www.castellodimontozzi.it\/de\/wp-json\/wp\/v2\/types\/page"}],"author":[{"embeddable":true,"href":"https:\/\/www.castellodimontozzi.it\/de\/wp-json\/wp\/v2\/users\/1"}],"replies":[{"embeddable":true,"href":"https:\/\/www.castellodimontozzi.it\/de\/wp-json\/wp\/v2\/comments?post=1538"}],"version-history":[{"count":1,"href":"https:\/\/www.castellodimontozzi.it\/de\/wp-json\/wp\/v2\/pages\/1538\/revisions"}],"predecessor-version":[{"id":1539,"href":"https:\/\/www.castellodimontozzi.it\/de\/wp-json\/wp\/v2\/pages\/1538\/revisions\/1539"}],"wp:attachment":[{"href":"https:\/\/www.castellodimontozzi.it\/de\/wp-json\/wp\/v2\/media?parent=1538"}],"curies":[{"name":"wp","href":"https:\/\/api.w.org\/{rel}","templated":true}]}}