{"id":1502,"date":"2018-10-03T08:21:53","date_gmt":"2018-10-03T08:21:53","guid":{"rendered":"https:\/\/www.castellodimontozzi.it\/?page_id=1502\/"},"modified":"2018-10-03T08:21:53","modified_gmt":"2018-10-03T08:21:53","slug":"der-park","status":"publish","type":"page","link":"https:\/\/www.castellodimontozzi.it\/de\/der-park\/","title":{"rendered":"Der Park"},"content":{"rendered":"[mk_page_section bg_image=&#8220;https:\/\/www.castellodimontozzi.it\/wp-content\/uploads\/2018\/02\/cover-parco.jpg&#8220; bg_position=&#8220;center bottom&#8220; bg_repeat=&#8220;no-repeat&#8220; bg_stretch=&#8220;true&#8220; video_color_mask=&#8220;#000000&#8243; video_opacity=&#8220;0.4&#8243; min_height=&#8220;480&#8243; full_width=&#8220;true&#8220; full_height=&#8220;true&#8220; padding_top=&#8220;0&#8243; padding_bottom=&#8220;0&#8243; skip_arrow=&#8220;true&#8220; sidebar=&#8220;sidebar-1&#8243;][vc_column][mk_fancy_title color=&#8220;#ffffff&#8220; size=&#8220;50&#8243; font_weight=&#8220;300&#8243; txt_transform=&#8220;uppercase&#8220; letter_spacing=&#8220;2&#8243; font_family=&#8220;none&#8220; align=&#8220;center&#8220;]Der Park[\/mk_fancy_title][mk_fancy_title color=&#8220;#ffffff&#8220; size=&#8220;36&#8243; font_weight=&#8220;300&#8243; txt_transform=&#8220;none&#8220; font_family=&#8220;none&#8220; align=&#8220;center&#8220;]Ein romantisches Projekt[\/mk_fancy_title][\/vc_column][\/mk_page_section][mk_page_section bg_stretch=&#8220;true&#8220; padding_top=&#8220;50&#8243; padding_bottom=&#8220;50&#8243; sidebar=&#8220;sidebar-1&#8243;][vc_column][mk_fancy_title size=&#8220;20&#8243; font_weight=&#8220;400&#8243; font_family=&#8220;none&#8220; align=&#8220;center&#8220;]Botanische Sch\u00f6nheit[\/mk_fancy_title][vc_column_text css=&#8220;.vc_custom_1538554901774{margin-bottom: 0px !important;}&#8220;]\n<p style=\"text-align: center;\">Markgraf Bartolommeo Bartolini Baldelli, Superintendent am k\u00f6niglichen Hofe der lothringischen Grossherz\u00f6ge, liess Mitte 1800, rings um die Villa, einen romantischen Park im englischen Stil mit Steineichen und gewundenen Wegen anlegen.<br \/>\nIn diesen Jahren wurde auch der dazugeh\u00f6rende Garten vollkommen renoviert, n\u00e4mlich mit auf Schwammstein ruhenden, terrassenf\u00f6rmig angelegten, je nach Jahreszeit farbenpr\u00e4chtigen Blumenbeeten.<\/p>\n<p>Es wurden Buchsbaumhecken, hochst\u00e4mmige B\u00e4ume, aus dem Libanon stammende Blauzedern und andere seltene Gew\u00e4chse angepflanzt, wovon einige heute noch existieren.<br \/>\nDie ganze Anlage wurde in Zusammenarbeit mit dem damaligen G\u00e4rtner des K\u00f6niglich Botanischen Gartens von Boboli, Angelo Pucci, ausgef\u00fchrt.<\/p>\n[\/vc_column_text][\/vc_column][\/mk_page_section][mk_page_section sidebar=&#8220;sidebar-1&#8243;][vc_column][mk_gallery images=&#8220;927,929,931,933,935,937,939,941,943,945,947,1017&#8243; disable_title=&#8220;true&#8220;][\/vc_column][\/mk_page_section]\n","protected":false},"excerpt":{"rendered":"<p>[mk_page_section bg_image=&#8220;https:\/\/www.castellodimontozzi.it\/wp-content\/uploads\/2018\/02\/cover-parco.jpg&#8220; bg_position=&#8220;center bottom&#8220; bg_repeat=&#8220;no-repeat&#8220; bg_stretch=&#8220;true&#8220; video_color_mask=&#8220;#000000&#8243; video_opacity=&#8220;0.4&#8243; min_height=&#8220;480&#8243; full_width=&#8220;true&#8220; full_height=&#8220;true&#8220; padding_top=&#8220;0&#8243; padding_bottom=&#8220;0&#8243; skip_arrow=&#8220;true&#8220; sidebar=&#8220;sidebar-1&#8243;][vc_column][mk_fancy_title color=&#8220;#ffffff&#8220; size=&#8220;50&#8243; font_weight=&#8220;300&#8243; txt_transform=&#8220;uppercase&#8220; letter_spacing=&#8220;2&#8243; font_family=&#8220;none&#8220; align=&#8220;center&#8220;]Der Park[\/mk_fancy_title][mk_fancy_title color=&#8220;#ffffff&#8220; size=&#8220;36&#8243; font_weight=&#8220;300&#8243; txt_transform=&#8220;none&#8220; font_family=&#8220;none&#8220; align=&#8220;center&#8220;]Ein romantisches Projekt[\/mk_fancy_title][\/vc_column][\/mk_page_section][mk_page_section bg_stretch=&#8220;true&#8220; padding_top=&#8220;50&#8243; padding_bottom=&#8220;50&#8243; sidebar=&#8220;sidebar-1&#8243;][vc_column][mk_fancy_title size=&#8220;20&#8243; font_weight=&#8220;400&#8243; font_family=&#8220;none&#8220; align=&#8220;center&#8220;]Botanische Sch\u00f6nheit[\/mk_fancy_title][vc_column_text css=&#8220;.vc_custom_1538554901774{margin-bottom: 0px !important;}&#8220;] Markgraf Bartolommeo Bartolini Baldelli, Superintendent am k\u00f6niglichen Hofe der lothringischen Grossherz\u00f6ge, liess [&hellip;]<\/p>\n","protected":false},"author":1,"featured_media":0,"parent":0,"menu_order":0,"comment_status":"closed","ping_status":"closed","template":"","meta":{"footnotes":""},"class_list":["post-1502","page","type-page","status-publish","hentry"],"yoast_head":"<!-- This site is optimized with the Yoast SEO plugin v25.9 - https:\/\/yoast.com\/wordpress\/plugins\/seo\/ -->\n<title>Der Park - www.castellodimontozzi.it<\/title>\n<meta name=\"robots\" content=\"index, follow, max-snippet:-1, max-image-preview:large, max-video-preview:-1\" \/>\n<link rel=\"canonical\" href=\"https:\/\/www.castellodimontozzi.it\/de\/der-park\/\" \/>\n<meta property=\"og:locale\" content=\"de_DE\" \/>\n<meta property=\"og:type\" content=\"article\" \/>\n<meta property=\"og:title\" content=\"Der Park - www.castellodimontozzi.it\" \/>\n<meta property=\"og:description\" content=\"[mk_page_section bg_image=&#8220;https:\/\/www.castellodimontozzi.it\/wp-content\/uploads\/2018\/02\/cover-parco.jpg&#8220; bg_position=&#8220;center bottom&#8220; bg_repeat=&#8220;no-repeat&#8220; bg_stretch=&#8220;true&#8220; video_color_mask=&#8220;#000000&#8243; video_opacity=&#8220;0.4&#8243; min_height=&#8220;480&#8243; full_width=&#8220;true&#8220; full_height=&#8220;true&#8220; padding_top=&#8220;0&#8243; padding_bottom=&#8220;0&#8243; skip_arrow=&#8220;true&#8220; sidebar=&#8220;sidebar-1&#8243;][vc_column][mk_fancy_title color=&#8220;#ffffff&#8220; size=&#8220;50&#8243; font_weight=&#8220;300&#8243; txt_transform=&#8220;uppercase&#8220; letter_spacing=&#8220;2&#8243; font_family=&#8220;none&#8220; align=&#8220;center&#8220;]Der Park[\/mk_fancy_title][mk_fancy_title color=&#8220;#ffffff&#8220; size=&#8220;36&#8243; font_weight=&#8220;300&#8243; txt_transform=&#8220;none&#8220; font_family=&#8220;none&#8220; align=&#8220;center&#8220;]Ein romantisches Projekt[\/mk_fancy_title][\/vc_column][\/mk_page_section][mk_page_section bg_stretch=&#8220;true&#8220; padding_top=&#8220;50&#8243; padding_bottom=&#8220;50&#8243; sidebar=&#8220;sidebar-1&#8243;][vc_column][mk_fancy_title size=&#8220;20&#8243; font_weight=&#8220;400&#8243; font_family=&#8220;none&#8220; align=&#8220;center&#8220;]Botanische Sch\u00f6nheit[\/mk_fancy_title][vc_column_text css=&#8220;.vc_custom_1538554901774{margin-bottom: 0px !important;}&#8220;] Markgraf Bartolommeo Bartolini Baldelli, Superintendent am k\u00f6niglichen Hofe der lothringischen Grossherz\u00f6ge, liess [&hellip;]\" \/>\n<meta property=\"og:url\" content=\"https:\/\/www.castellodimontozzi.it\/de\/der-park\/\" \/>\n<meta property=\"og:site_name\" content=\"www.castellodimontozzi.it\" \/>\n<meta name=\"twitter:card\" content=\"summary_large_image\" \/>\n<meta name=\"twitter:label1\" content=\"Gesch\u00e4tzte Lesezeit\" \/>\n\t<meta name=\"twitter:data1\" content=\"1\u00a0Minute\" \/>\n<script type=\"application\/ld+json\" class=\"yoast-schema-graph\">{\"@context\":\"https:\/\/schema.org\",\"@graph\":[{\"@type\":\"WebPage\",\"@id\":\"https:\/\/www.castellodimontozzi.it\/de\/der-park\/\",\"url\":\"https:\/\/www.castellodimontozzi.it\/de\/der-park\/\",\"name\":\"Der Park - www.castellodimontozzi.it\",\"isPartOf\":{\"@id\":\"https:\/\/www.castellodimontozzi.it\/#website\"},\"datePublished\":\"2018-10-03T08:21:53+00:00\",\"breadcrumb\":{\"@id\":\"https:\/\/www.castellodimontozzi.it\/de\/der-park\/#breadcrumb\"},\"inLanguage\":\"de\",\"potentialAction\":[{\"@type\":\"ReadAction\",\"target\":[\"https:\/\/www.castellodimontozzi.it\/de\/der-park\/\"]}]},{\"@type\":\"BreadcrumbList\",\"@id\":\"https:\/\/www.castellodimontozzi.it\/de\/der-park\/#breadcrumb\",\"itemListElement\":[{\"@type\":\"ListItem\",\"position\":1,\"name\":\"Home\",\"item\":\"https:\/\/www.castellodimontozzi.it\/de\/\"},{\"@type\":\"ListItem\",\"position\":2,\"name\":\"Der Park\"}]},{\"@type\":\"WebSite\",\"@id\":\"https:\/\/www.castellodimontozzi.it\/#website\",\"url\":\"https:\/\/www.castellodimontozzi.it\/\",\"name\":\"www.castellodimontozzi.it\",\"description\":\"Just another WordPress site\",\"potentialAction\":[{\"@type\":\"SearchAction\",\"target\":{\"@type\":\"EntryPoint\",\"urlTemplate\":\"https:\/\/www.castellodimontozzi.it\/?s={search_term_string}\"},\"query-input\":{\"@type\":\"PropertyValueSpecification\",\"valueRequired\":true,\"valueName\":\"search_term_string\"}}],\"inLanguage\":\"de\"}]}<\/script>\n<!-- \/ Yoast SEO plugin. -->","yoast_head_json":{"title":"Der Park - www.castellodimontozzi.it","robots":{"index":"index","follow":"follow","max-snippet":"max-snippet:-1","max-image-preview":"max-image-preview:large","max-video-preview":"max-video-preview:-1"},"canonical":"https:\/\/www.castellodimontozzi.it\/de\/der-park\/","og_locale":"de_DE","og_type":"article","og_title":"Der Park - www.castellodimontozzi.it","og_description":"[mk_page_section bg_image=&#8220;https:\/\/www.castellodimontozzi.it\/wp-content\/uploads\/2018\/02\/cover-parco.jpg&#8220; bg_position=&#8220;center bottom&#8220; bg_repeat=&#8220;no-repeat&#8220; bg_stretch=&#8220;true&#8220; video_color_mask=&#8220;#000000&#8243; video_opacity=&#8220;0.4&#8243; min_height=&#8220;480&#8243; full_width=&#8220;true&#8220; full_height=&#8220;true&#8220; padding_top=&#8220;0&#8243; padding_bottom=&#8220;0&#8243; skip_arrow=&#8220;true&#8220; sidebar=&#8220;sidebar-1&#8243;][vc_column][mk_fancy_title color=&#8220;#ffffff&#8220; size=&#8220;50&#8243; font_weight=&#8220;300&#8243; txt_transform=&#8220;uppercase&#8220; letter_spacing=&#8220;2&#8243; font_family=&#8220;none&#8220; align=&#8220;center&#8220;]Der Park[\/mk_fancy_title][mk_fancy_title color=&#8220;#ffffff&#8220; size=&#8220;36&#8243; font_weight=&#8220;300&#8243; txt_transform=&#8220;none&#8220; font_family=&#8220;none&#8220; align=&#8220;center&#8220;]Ein romantisches Projekt[\/mk_fancy_title][\/vc_column][\/mk_page_section][mk_page_section bg_stretch=&#8220;true&#8220; padding_top=&#8220;50&#8243; padding_bottom=&#8220;50&#8243; sidebar=&#8220;sidebar-1&#8243;][vc_column][mk_fancy_title size=&#8220;20&#8243; font_weight=&#8220;400&#8243; font_family=&#8220;none&#8220; align=&#8220;center&#8220;]Botanische Sch\u00f6nheit[\/mk_fancy_title][vc_column_text css=&#8220;.vc_custom_1538554901774{margin-bottom: 0px !important;}&#8220;] Markgraf Bartolommeo Bartolini Baldelli, Superintendent am k\u00f6niglichen Hofe der lothringischen Grossherz\u00f6ge, liess [&hellip;]","og_url":"https:\/\/www.castellodimontozzi.it\/de\/der-park\/","og_site_name":"www.castellodimontozzi.it","twitter_card":"summary_large_image","twitter_misc":{"Gesch\u00e4tzte Lesezeit":"1\u00a0Minute"},"schema":{"@context":"https:\/\/schema.org","@graph":[{"@type":"WebPage","@id":"https:\/\/www.castellodimontozzi.it\/de\/der-park\/","url":"https:\/\/www.castellodimontozzi.it\/de\/der-park\/","name":"Der Park - www.castellodimontozzi.it","isPartOf":{"@id":"https:\/\/www.castellodimontozzi.it\/#website"},"datePublished":"2018-10-03T08:21:53+00:00","breadcrumb":{"@id":"https:\/\/www.castellodimontozzi.it\/de\/der-park\/#breadcrumb"},"inLanguage":"de","potentialAction":[{"@type":"ReadAction","target":["https:\/\/www.castellodimontozzi.it\/de\/der-park\/"]}]},{"@type":"BreadcrumbList","@id":"https:\/\/www.castellodimontozzi.it\/de\/der-park\/#breadcrumb","itemListElement":[{"@type":"ListItem","position":1,"name":"Home","item":"https:\/\/www.castellodimontozzi.it\/de\/"},{"@type":"ListItem","position":2,"name":"Der Park"}]},{"@type":"WebSite","@id":"https:\/\/www.castellodimontozzi.it\/#website","url":"https:\/\/www.castellodimontozzi.it\/","name":"www.castellodimontozzi.it","description":"Just another WordPress site","potentialAction":[{"@type":"SearchAction","target":{"@type":"EntryPoint","urlTemplate":"https:\/\/www.castellodimontozzi.it\/?s={search_term_string}"},"query-input":{"@type":"PropertyValueSpecification","valueRequired":true,"valueName":"search_term_string"}}],"inLanguage":"de"}]}},"_links":{"self":[{"href":"https:\/\/www.castellodimontozzi.it\/de\/wp-json\/wp\/v2\/pages\/1502","targetHints":{"allow":["GET"]}}],"collection":[{"href":"https:\/\/www.castellodimontozzi.it\/de\/wp-json\/wp\/v2\/pages"}],"about":[{"href":"https:\/\/www.castellodimontozzi.it\/de\/wp-json\/wp\/v2\/types\/page"}],"author":[{"embeddable":true,"href":"https:\/\/www.castellodimontozzi.it\/de\/wp-json\/wp\/v2\/users\/1"}],"replies":[{"embeddable":true,"href":"https:\/\/www.castellodimontozzi.it\/de\/wp-json\/wp\/v2\/comments?post=1502"}],"version-history":[{"count":1,"href":"https:\/\/www.castellodimontozzi.it\/de\/wp-json\/wp\/v2\/pages\/1502\/revisions"}],"predecessor-version":[{"id":1503,"href":"https:\/\/www.castellodimontozzi.it\/de\/wp-json\/wp\/v2\/pages\/1502\/revisions\/1503"}],"wp:attachment":[{"href":"https:\/\/www.castellodimontozzi.it\/de\/wp-json\/wp\/v2\/media?parent=1502"}],"curies":[{"name":"wp","href":"https:\/\/api.w.org\/{rel}","templated":true}]}}