{"id":1483,"date":"2018-10-03T08:18:39","date_gmt":"2018-10-03T08:18:39","guid":{"rendered":"https:\/\/www.castellodimontozzi.it\/?page_id=1483\/"},"modified":"2018-10-03T08:18:39","modified_gmt":"2018-10-03T08:18:39","slug":"villa-und-ortschaft-montozzi","status":"publish","type":"page","link":"https:\/\/www.castellodimontozzi.it\/de\/villa-und-ortschaft-montozzi\/","title":{"rendered":"Villa und Ortschaft Montozzi"},"content":{"rendered":"[mk_page_section bg_image=&#8220;https:\/\/www.castellodimontozzi.it\/wp-content\/uploads\/2018\/02\/cover-villa-e-borgo-1.jpg&#8220; bg_position=&#8220;center center&#8220; bg_repeat=&#8220;no-repeat&#8220; bg_stretch=&#8220;true&#8220; video_color_mask=&#8220;#000000&#8243; video_opacity=&#8220;0.1&#8243; min_height=&#8220;480&#8243; full_width=&#8220;true&#8220; full_height=&#8220;true&#8220; padding_top=&#8220;0&#8243; padding_bottom=&#8220;0&#8243; skip_arrow=&#8220;true&#8220; sidebar=&#8220;sidebar-1&#8243;][vc_column][mk_fancy_title color=&#8220;#ffffff&#8220; size=&#8220;50&#8243; font_weight=&#8220;300&#8243; txt_transform=&#8220;uppercase&#8220; letter_spacing=&#8220;2&#8243; font_family=&#8220;none&#8220; align=&#8220;center&#8220;]Die Villa Und Der Ort Montozzi[\/mk_fancy_title][mk_fancy_title color=&#8220;#ffffff&#8220; size=&#8220;36&#8243; font_weight=&#8220;300&#8243; txt_transform=&#8220;none&#8220; font_family=&#8220;none&#8220; align=&#8220;center&#8220;]Ein Hauch von florentinischer Eleganz[\/mk_fancy_title][\/vc_column][\/mk_page_section][mk_page_section bg_stretch=&#8220;true&#8220; padding_top=&#8220;50&#8243; padding_bottom=&#8220;50&#8243; sidebar=&#8220;sidebar-1&#8243;][vc_column][mk_fancy_title size=&#8220;20&#8243; font_weight=&#8220;400&#8243; font_family=&#8220;none&#8220; align=&#8220;center&#8220;]Das neue &#8222;Herrenhaus&#8220; und sein Gutshof[\/mk_fancy_title][vc_column_text css=&#8220;.vc_custom_1538554704525{margin-bottom: 0px !important;}&#8220;]\n<p style=\"text-align: center;\">Im Jahre 1660 vervollst\u00e4ndigten die Br\u00fcder Francesco und Ottavio Bartolini Baldelli, ihrem Geschmack und Nutzen entsprechend, den Bau eines Landsitzes, einer palast\u00e4hnlichen Villa in florentinischem Stil, die in der Tat einen Teil des urspr\u00fcnglichen Schlosses einbezog (man kann \u00f6stlich noch einen Turm und auf der Nordseite Teil der Festung erkennen).<br \/>\nDer Enkelsohn, Senator Francesco Maria, f\u00fcgte, zusammen mit seiner Frau Maddalena Giraldi, im Jahre 1710 die zum Garten weisenden doppelten Laubeng\u00e4nge hinzu und liess eine neue Kirche errichten.<br \/>\nFrancesco Maria, der in diesen Jahren das Amt des Statthalters der Akademie f\u00fcr Kunstzeichnung in Florenz bekleidete, da, wo sich in dieser Zeit die ber\u00fchmtesten K\u00fcnstler trafen, liess den Maler Giovanni Camillo Sagrestani nach Montozzi kommen, um von ihm die Fresko-Malerei in Villa und Kirche ausf\u00fchren zu lassen, und f\u00fcr die Stuckarbeiten kam der Dekorateur Giovanni Martino Portogallo.<br \/>\nAusserdem renovierte er einen grossen Teil des antiken Schlosses und richtete diesen f\u00fcr den landwirtschaftlichen Gebrauch, der f\u00fcr den enormen Besitz notwendig war, her. Er baute Keller, Lagerr\u00e4ume f\u00fcr Lebensmittel und Werkzeuge, Raum f\u00fcr die Tonf\u00e4sser , Arbeitsr\u00e4ume, verschiedene L\u00e4den und die Ziegelsteinbrennerei.<\/p>\n[\/vc_column_text][\/vc_column][\/mk_page_section][mk_page_section sidebar=&#8220;sidebar-1&#8243;][vc_column][mk_gallery images=&#8220;967,969,971,973,975,977,979,981,983&#8243; disable_title=&#8220;true&#8220;][\/vc_column][\/mk_page_section]\n","protected":false},"excerpt":{"rendered":"<p>[mk_page_section bg_image=&#8220;https:\/\/www.castellodimontozzi.it\/wp-content\/uploads\/2018\/02\/cover-villa-e-borgo-1.jpg&#8220; bg_position=&#8220;center center&#8220; bg_repeat=&#8220;no-repeat&#8220; bg_stretch=&#8220;true&#8220; video_color_mask=&#8220;#000000&#8243; video_opacity=&#8220;0.1&#8243; min_height=&#8220;480&#8243; full_width=&#8220;true&#8220; full_height=&#8220;true&#8220; padding_top=&#8220;0&#8243; padding_bottom=&#8220;0&#8243; skip_arrow=&#8220;true&#8220; sidebar=&#8220;sidebar-1&#8243;][vc_column][mk_fancy_title color=&#8220;#ffffff&#8220; size=&#8220;50&#8243; font_weight=&#8220;300&#8243; txt_transform=&#8220;uppercase&#8220; letter_spacing=&#8220;2&#8243; font_family=&#8220;none&#8220; align=&#8220;center&#8220;]Die Villa Und Der Ort Montozzi[\/mk_fancy_title][mk_fancy_title color=&#8220;#ffffff&#8220; size=&#8220;36&#8243; font_weight=&#8220;300&#8243; txt_transform=&#8220;none&#8220; font_family=&#8220;none&#8220; align=&#8220;center&#8220;]Ein Hauch von florentinischer Eleganz[\/mk_fancy_title][\/vc_column][\/mk_page_section][mk_page_section bg_stretch=&#8220;true&#8220; padding_top=&#8220;50&#8243; padding_bottom=&#8220;50&#8243; sidebar=&#8220;sidebar-1&#8243;][vc_column][mk_fancy_title size=&#8220;20&#8243; font_weight=&#8220;400&#8243; font_family=&#8220;none&#8220; align=&#8220;center&#8220;]Das neue &#8222;Herrenhaus&#8220; und sein Gutshof[\/mk_fancy_title][vc_column_text css=&#8220;.vc_custom_1538554704525{margin-bottom: 0px !important;}&#8220;] Im Jahre [&hellip;]<\/p>\n","protected":false},"author":1,"featured_media":0,"parent":0,"menu_order":0,"comment_status":"closed","ping_status":"closed","template":"","meta":{"footnotes":""},"class_list":["post-1483","page","type-page","status-publish","hentry"],"yoast_head":"<!-- This site is optimized with the Yoast SEO plugin v25.9 - https:\/\/yoast.com\/wordpress\/plugins\/seo\/ -->\n<title>Villa und Ortschaft Montozzi - www.castellodimontozzi.it<\/title>\n<meta name=\"robots\" content=\"index, follow, max-snippet:-1, max-image-preview:large, max-video-preview:-1\" \/>\n<link rel=\"canonical\" href=\"https:\/\/www.castellodimontozzi.it\/de\/villa-und-ortschaft-montozzi\/\" \/>\n<meta property=\"og:locale\" content=\"de_DE\" \/>\n<meta property=\"og:type\" content=\"article\" \/>\n<meta property=\"og:title\" content=\"Villa und Ortschaft Montozzi - www.castellodimontozzi.it\" \/>\n<meta property=\"og:description\" content=\"[mk_page_section bg_image=&#8220;https:\/\/www.castellodimontozzi.it\/wp-content\/uploads\/2018\/02\/cover-villa-e-borgo-1.jpg&#8220; bg_position=&#8220;center center&#8220; bg_repeat=&#8220;no-repeat&#8220; bg_stretch=&#8220;true&#8220; video_color_mask=&#8220;#000000&#8243; video_opacity=&#8220;0.1&#8243; min_height=&#8220;480&#8243; full_width=&#8220;true&#8220; full_height=&#8220;true&#8220; padding_top=&#8220;0&#8243; padding_bottom=&#8220;0&#8243; skip_arrow=&#8220;true&#8220; sidebar=&#8220;sidebar-1&#8243;][vc_column][mk_fancy_title color=&#8220;#ffffff&#8220; size=&#8220;50&#8243; font_weight=&#8220;300&#8243; txt_transform=&#8220;uppercase&#8220; letter_spacing=&#8220;2&#8243; font_family=&#8220;none&#8220; align=&#8220;center&#8220;]Die Villa Und Der Ort Montozzi[\/mk_fancy_title][mk_fancy_title color=&#8220;#ffffff&#8220; size=&#8220;36&#8243; font_weight=&#8220;300&#8243; txt_transform=&#8220;none&#8220; font_family=&#8220;none&#8220; align=&#8220;center&#8220;]Ein Hauch von florentinischer Eleganz[\/mk_fancy_title][\/vc_column][\/mk_page_section][mk_page_section bg_stretch=&#8220;true&#8220; padding_top=&#8220;50&#8243; padding_bottom=&#8220;50&#8243; sidebar=&#8220;sidebar-1&#8243;][vc_column][mk_fancy_title size=&#8220;20&#8243; font_weight=&#8220;400&#8243; font_family=&#8220;none&#8220; align=&#8220;center&#8220;]Das neue &#8222;Herrenhaus&#8220; und sein Gutshof[\/mk_fancy_title][vc_column_text css=&#8220;.vc_custom_1538554704525{margin-bottom: 0px !important;}&#8220;] Im Jahre [&hellip;]\" \/>\n<meta property=\"og:url\" content=\"https:\/\/www.castellodimontozzi.it\/de\/villa-und-ortschaft-montozzi\/\" \/>\n<meta property=\"og:site_name\" content=\"www.castellodimontozzi.it\" \/>\n<meta name=\"twitter:card\" content=\"summary_large_image\" \/>\n<meta name=\"twitter:label1\" content=\"Gesch\u00e4tzte Lesezeit\" \/>\n\t<meta name=\"twitter:data1\" content=\"2\u00a0Minuten\" \/>\n<script type=\"application\/ld+json\" class=\"yoast-schema-graph\">{\"@context\":\"https:\/\/schema.org\",\"@graph\":[{\"@type\":\"WebPage\",\"@id\":\"https:\/\/www.castellodimontozzi.it\/de\/villa-und-ortschaft-montozzi\/\",\"url\":\"https:\/\/www.castellodimontozzi.it\/de\/villa-und-ortschaft-montozzi\/\",\"name\":\"Villa und Ortschaft Montozzi - www.castellodimontozzi.it\",\"isPartOf\":{\"@id\":\"https:\/\/www.castellodimontozzi.it\/#website\"},\"datePublished\":\"2018-10-03T08:18:39+00:00\",\"breadcrumb\":{\"@id\":\"https:\/\/www.castellodimontozzi.it\/de\/villa-und-ortschaft-montozzi\/#breadcrumb\"},\"inLanguage\":\"de\",\"potentialAction\":[{\"@type\":\"ReadAction\",\"target\":[\"https:\/\/www.castellodimontozzi.it\/de\/villa-und-ortschaft-montozzi\/\"]}]},{\"@type\":\"BreadcrumbList\",\"@id\":\"https:\/\/www.castellodimontozzi.it\/de\/villa-und-ortschaft-montozzi\/#breadcrumb\",\"itemListElement\":[{\"@type\":\"ListItem\",\"position\":1,\"name\":\"Home\",\"item\":\"https:\/\/www.castellodimontozzi.it\/de\/\"},{\"@type\":\"ListItem\",\"position\":2,\"name\":\"Villa und Ortschaft Montozzi\"}]},{\"@type\":\"WebSite\",\"@id\":\"https:\/\/www.castellodimontozzi.it\/#website\",\"url\":\"https:\/\/www.castellodimontozzi.it\/\",\"name\":\"www.castellodimontozzi.it\",\"description\":\"Just another WordPress site\",\"potentialAction\":[{\"@type\":\"SearchAction\",\"target\":{\"@type\":\"EntryPoint\",\"urlTemplate\":\"https:\/\/www.castellodimontozzi.it\/?s={search_term_string}\"},\"query-input\":{\"@type\":\"PropertyValueSpecification\",\"valueRequired\":true,\"valueName\":\"search_term_string\"}}],\"inLanguage\":\"de\"}]}<\/script>\n<!-- \/ Yoast SEO plugin. -->","yoast_head_json":{"title":"Villa und Ortschaft Montozzi - www.castellodimontozzi.it","robots":{"index":"index","follow":"follow","max-snippet":"max-snippet:-1","max-image-preview":"max-image-preview:large","max-video-preview":"max-video-preview:-1"},"canonical":"https:\/\/www.castellodimontozzi.it\/de\/villa-und-ortschaft-montozzi\/","og_locale":"de_DE","og_type":"article","og_title":"Villa und Ortschaft Montozzi - www.castellodimontozzi.it","og_description":"[mk_page_section bg_image=&#8220;https:\/\/www.castellodimontozzi.it\/wp-content\/uploads\/2018\/02\/cover-villa-e-borgo-1.jpg&#8220; bg_position=&#8220;center center&#8220; bg_repeat=&#8220;no-repeat&#8220; bg_stretch=&#8220;true&#8220; video_color_mask=&#8220;#000000&#8243; video_opacity=&#8220;0.1&#8243; min_height=&#8220;480&#8243; full_width=&#8220;true&#8220; full_height=&#8220;true&#8220; padding_top=&#8220;0&#8243; padding_bottom=&#8220;0&#8243; skip_arrow=&#8220;true&#8220; sidebar=&#8220;sidebar-1&#8243;][vc_column][mk_fancy_title color=&#8220;#ffffff&#8220; size=&#8220;50&#8243; font_weight=&#8220;300&#8243; txt_transform=&#8220;uppercase&#8220; letter_spacing=&#8220;2&#8243; font_family=&#8220;none&#8220; align=&#8220;center&#8220;]Die Villa Und Der Ort Montozzi[\/mk_fancy_title][mk_fancy_title color=&#8220;#ffffff&#8220; size=&#8220;36&#8243; font_weight=&#8220;300&#8243; txt_transform=&#8220;none&#8220; font_family=&#8220;none&#8220; align=&#8220;center&#8220;]Ein Hauch von florentinischer Eleganz[\/mk_fancy_title][\/vc_column][\/mk_page_section][mk_page_section bg_stretch=&#8220;true&#8220; padding_top=&#8220;50&#8243; padding_bottom=&#8220;50&#8243; sidebar=&#8220;sidebar-1&#8243;][vc_column][mk_fancy_title size=&#8220;20&#8243; font_weight=&#8220;400&#8243; font_family=&#8220;none&#8220; align=&#8220;center&#8220;]Das neue &#8222;Herrenhaus&#8220; und sein Gutshof[\/mk_fancy_title][vc_column_text css=&#8220;.vc_custom_1538554704525{margin-bottom: 0px !important;}&#8220;] Im Jahre [&hellip;]","og_url":"https:\/\/www.castellodimontozzi.it\/de\/villa-und-ortschaft-montozzi\/","og_site_name":"www.castellodimontozzi.it","twitter_card":"summary_large_image","twitter_misc":{"Gesch\u00e4tzte Lesezeit":"2\u00a0Minuten"},"schema":{"@context":"https:\/\/schema.org","@graph":[{"@type":"WebPage","@id":"https:\/\/www.castellodimontozzi.it\/de\/villa-und-ortschaft-montozzi\/","url":"https:\/\/www.castellodimontozzi.it\/de\/villa-und-ortschaft-montozzi\/","name":"Villa und Ortschaft Montozzi - www.castellodimontozzi.it","isPartOf":{"@id":"https:\/\/www.castellodimontozzi.it\/#website"},"datePublished":"2018-10-03T08:18:39+00:00","breadcrumb":{"@id":"https:\/\/www.castellodimontozzi.it\/de\/villa-und-ortschaft-montozzi\/#breadcrumb"},"inLanguage":"de","potentialAction":[{"@type":"ReadAction","target":["https:\/\/www.castellodimontozzi.it\/de\/villa-und-ortschaft-montozzi\/"]}]},{"@type":"BreadcrumbList","@id":"https:\/\/www.castellodimontozzi.it\/de\/villa-und-ortschaft-montozzi\/#breadcrumb","itemListElement":[{"@type":"ListItem","position":1,"name":"Home","item":"https:\/\/www.castellodimontozzi.it\/de\/"},{"@type":"ListItem","position":2,"name":"Villa und Ortschaft Montozzi"}]},{"@type":"WebSite","@id":"https:\/\/www.castellodimontozzi.it\/#website","url":"https:\/\/www.castellodimontozzi.it\/","name":"www.castellodimontozzi.it","description":"Just another WordPress site","potentialAction":[{"@type":"SearchAction","target":{"@type":"EntryPoint","urlTemplate":"https:\/\/www.castellodimontozzi.it\/?s={search_term_string}"},"query-input":{"@type":"PropertyValueSpecification","valueRequired":true,"valueName":"search_term_string"}}],"inLanguage":"de"}]}},"_links":{"self":[{"href":"https:\/\/www.castellodimontozzi.it\/de\/wp-json\/wp\/v2\/pages\/1483","targetHints":{"allow":["GET"]}}],"collection":[{"href":"https:\/\/www.castellodimontozzi.it\/de\/wp-json\/wp\/v2\/pages"}],"about":[{"href":"https:\/\/www.castellodimontozzi.it\/de\/wp-json\/wp\/v2\/types\/page"}],"author":[{"embeddable":true,"href":"https:\/\/www.castellodimontozzi.it\/de\/wp-json\/wp\/v2\/users\/1"}],"replies":[{"embeddable":true,"href":"https:\/\/www.castellodimontozzi.it\/de\/wp-json\/wp\/v2\/comments?post=1483"}],"version-history":[{"count":1,"href":"https:\/\/www.castellodimontozzi.it\/de\/wp-json\/wp\/v2\/pages\/1483\/revisions"}],"predecessor-version":[{"id":1484,"href":"https:\/\/www.castellodimontozzi.it\/de\/wp-json\/wp\/v2\/pages\/1483\/revisions\/1484"}],"wp:attachment":[{"href":"https:\/\/www.castellodimontozzi.it\/de\/wp-json\/wp\/v2\/media?parent=1483"}],"curies":[{"name":"wp","href":"https:\/\/api.w.org\/{rel}","templated":true}]}}