{"id":1475,"date":"2018-10-03T08:14:53","date_gmt":"2018-10-03T08:14:53","guid":{"rendered":"https:\/\/www.castellodimontozzi.it\/?page_id=1475\/"},"modified":"2018-10-03T08:14:53","modified_gmt":"2018-10-03T08:14:53","slug":"schloss-montozzi","status":"publish","type":"page","link":"https:\/\/www.castellodimontozzi.it\/de\/schloss-montozzi\/","title":{"rendered":"Schloss Montozzi"},"content":{"rendered":"[mk_page_section bg_image=&#8220;https:\/\/www.castellodimontozzi.it\/wp-content\/uploads\/2018\/02\/cover-castello-di-montozzi.jpg&#8220; bg_position=&#8220;center center&#8220; bg_repeat=&#8220;no-repeat&#8220; bg_stretch=&#8220;true&#8220; video_color_mask=&#8220;#000000&#8243; video_opacity=&#8220;0.1&#8243; min_height=&#8220;480&#8243; full_width=&#8220;true&#8220; full_height=&#8220;true&#8220; padding_top=&#8220;0&#8243; padding_bottom=&#8220;0&#8243; skip_arrow=&#8220;true&#8220; sidebar=&#8220;sidebar-1&#8243;][vc_column][mk_fancy_title color=&#8220;#ffffff&#8220; size=&#8220;50&#8243; font_weight=&#8220;300&#8243; txt_transform=&#8220;uppercase&#8220; letter_spacing=&#8220;2&#8243; font_family=&#8220;none&#8220; align=&#8220;center&#8220;]<span style=\"font-weight: 400;\">Schloss Montozzi<\/span>[\/mk_fancy_title][mk_fancy_title color=&#8220;#ffffff&#8220; size=&#8220;36&#8243; font_weight=&#8220;300&#8243; txt_transform=&#8220;none&#8220; font_family=&#8220;none&#8220; align=&#8220;center&#8220;]<span style=\"font-weight: 400;\">Von der Festung bis zum l\u00e4ndlichen Weiler<\/span>[\/mk_fancy_title][\/vc_column][\/mk_page_section][mk_page_section bg_stretch=&#8220;true&#8220; padding_top=&#8220;50&#8243; padding_bottom=&#8220;50&#8243; sidebar=&#8220;sidebar-1&#8243;][vc_column][mk_fancy_title size=&#8220;20&#8243; font_weight=&#8220;400&#8243; font_family=&#8220;none&#8220; align=&#8220;center&#8220;]Im Krieg und im Frieden[\/mk_fancy_title][vc_column_text css=&#8220;.vc_custom_1538554483881{margin-bottom: 0px !important;}&#8220;]<span style=\"font-weight: 400;\">Die ersten Informationen gehen auf das Jahr 1036 zur\u00fcck, und zwar spricht man von einer schloss\u00e4hnlichen Festung des &#8222;Mons Teuzzi&#8220;, benannt nach dem Namen des damaligen Lehnherrn Teuzzo, Sohn des Ildebrando von Sassi, Herrscher der Bulgaria. Es handelte sich um eine ganz oben auf dem Berg erbaute Festung, die das von den Bulgari im 8. Jhd. erbaute, nicht weit davon entfernte, Schloss ersetzte.<\/span><\/p>\n<p><span style=\"font-weight: 400;\">Montozzi war eine Hochburg, die wegen ihrer dominanten, strategisch gelegenen Position, oberhalb des Oberen Arnotales und des Ambratales, bei verschiedenen Herrschaften, wie die Guidi und die Ubertini, sehr begehrt war. W\u00e4hrend der Kriege zwischen den Welfen und den Gibellinen wurde sie mehrfach zerst\u00f6rt, wieder aufgebaut und bei den Unterwerfungen des so umstrittenen Territoriums zwischen Florenz, Siena und Arezzo besch\u00e4digt. <\/span><\/p>\n<p><span style=\"font-weight: 400;\">Ab 1400 wurde das gesamte Obere Arnotal Florenz untergeordnet. Montozzi verlor seine kriegerischen Eigenschaften, um sich nach und nach in eine friedvolle, aktive dichtbesiedelte landwirtschaftlich gelegene Ortschaft zu verwandeln.<\/span><\/p>\n<p><span style=\"font-weight: 400;\">Unter den Familien, die Anfang 1500 entschieden, in die zum antiken Schloss Montozzi geh\u00f6rende L\u00e4ndereien zu investieren, befand sich auch die Familie Bartolini Baldelli aus Terranuova. Diese wurden dann sp\u00e4ter die einzigen Besitzer.<\/span>[\/vc_column_text][\/vc_column][\/mk_page_section][mk_page_section sidebar=&#8220;sidebar-1&#8243;][vc_column][mk_gallery images=&#8220;912,922,914,918,916,920,1021,924,1023&#8243; disable_title=&#8220;true&#8220; orderby=&#8220;post__in&#8220;][\/vc_column][\/mk_page_section]\n","protected":false},"excerpt":{"rendered":"<p>[mk_page_section bg_image=&#8220;https:\/\/www.castellodimontozzi.it\/wp-content\/uploads\/2018\/02\/cover-castello-di-montozzi.jpg&#8220; bg_position=&#8220;center center&#8220; bg_repeat=&#8220;no-repeat&#8220; bg_stretch=&#8220;true&#8220; video_color_mask=&#8220;#000000&#8243; video_opacity=&#8220;0.1&#8243; min_height=&#8220;480&#8243; full_width=&#8220;true&#8220; full_height=&#8220;true&#8220; padding_top=&#8220;0&#8243; padding_bottom=&#8220;0&#8243; skip_arrow=&#8220;true&#8220; sidebar=&#8220;sidebar-1&#8243;][vc_column][mk_fancy_title color=&#8220;#ffffff&#8220; size=&#8220;50&#8243; font_weight=&#8220;300&#8243; txt_transform=&#8220;uppercase&#8220; letter_spacing=&#8220;2&#8243; font_family=&#8220;none&#8220; align=&#8220;center&#8220;]Schloss Montozzi[\/mk_fancy_title][mk_fancy_title color=&#8220;#ffffff&#8220; size=&#8220;36&#8243; font_weight=&#8220;300&#8243; txt_transform=&#8220;none&#8220; font_family=&#8220;none&#8220; align=&#8220;center&#8220;]Von der Festung bis zum l\u00e4ndlichen Weiler[\/mk_fancy_title][\/vc_column][\/mk_page_section][mk_page_section bg_stretch=&#8220;true&#8220; padding_top=&#8220;50&#8243; padding_bottom=&#8220;50&#8243; sidebar=&#8220;sidebar-1&#8243;][vc_column][mk_fancy_title size=&#8220;20&#8243; font_weight=&#8220;400&#8243; font_family=&#8220;none&#8220; align=&#8220;center&#8220;]Im Krieg und im Frieden[\/mk_fancy_title][vc_column_text css=&#8220;.vc_custom_1538554483881{margin-bottom: 0px !important;}&#8220;]Die ersten Informationen gehen auf das [&hellip;]<\/p>\n","protected":false},"author":1,"featured_media":0,"parent":0,"menu_order":0,"comment_status":"closed","ping_status":"closed","template":"","meta":{"footnotes":""},"class_list":["post-1475","page","type-page","status-publish","hentry"],"yoast_head":"<!-- This site is optimized with the Yoast SEO plugin v25.9 - https:\/\/yoast.com\/wordpress\/plugins\/seo\/ -->\n<title>Schloss Montozzi - www.castellodimontozzi.it<\/title>\n<meta name=\"robots\" content=\"index, follow, max-snippet:-1, max-image-preview:large, max-video-preview:-1\" \/>\n<link rel=\"canonical\" href=\"https:\/\/www.castellodimontozzi.it\/de\/schloss-montozzi\/\" \/>\n<meta property=\"og:locale\" content=\"de_DE\" \/>\n<meta property=\"og:type\" content=\"article\" \/>\n<meta property=\"og:title\" content=\"Schloss Montozzi - www.castellodimontozzi.it\" \/>\n<meta property=\"og:description\" content=\"[mk_page_section bg_image=&#8220;https:\/\/www.castellodimontozzi.it\/wp-content\/uploads\/2018\/02\/cover-castello-di-montozzi.jpg&#8220; bg_position=&#8220;center center&#8220; bg_repeat=&#8220;no-repeat&#8220; bg_stretch=&#8220;true&#8220; video_color_mask=&#8220;#000000&#8243; video_opacity=&#8220;0.1&#8243; min_height=&#8220;480&#8243; full_width=&#8220;true&#8220; full_height=&#8220;true&#8220; padding_top=&#8220;0&#8243; padding_bottom=&#8220;0&#8243; skip_arrow=&#8220;true&#8220; sidebar=&#8220;sidebar-1&#8243;][vc_column][mk_fancy_title color=&#8220;#ffffff&#8220; size=&#8220;50&#8243; font_weight=&#8220;300&#8243; txt_transform=&#8220;uppercase&#8220; letter_spacing=&#8220;2&#8243; font_family=&#8220;none&#8220; align=&#8220;center&#8220;]Schloss Montozzi[\/mk_fancy_title][mk_fancy_title color=&#8220;#ffffff&#8220; size=&#8220;36&#8243; font_weight=&#8220;300&#8243; txt_transform=&#8220;none&#8220; font_family=&#8220;none&#8220; align=&#8220;center&#8220;]Von der Festung bis zum l\u00e4ndlichen Weiler[\/mk_fancy_title][\/vc_column][\/mk_page_section][mk_page_section bg_stretch=&#8220;true&#8220; padding_top=&#8220;50&#8243; padding_bottom=&#8220;50&#8243; sidebar=&#8220;sidebar-1&#8243;][vc_column][mk_fancy_title size=&#8220;20&#8243; font_weight=&#8220;400&#8243; font_family=&#8220;none&#8220; align=&#8220;center&#8220;]Im Krieg und im Frieden[\/mk_fancy_title][vc_column_text css=&#8220;.vc_custom_1538554483881{margin-bottom: 0px !important;}&#8220;]Die ersten Informationen gehen auf das [&hellip;]\" \/>\n<meta property=\"og:url\" content=\"https:\/\/www.castellodimontozzi.it\/de\/schloss-montozzi\/\" \/>\n<meta property=\"og:site_name\" content=\"www.castellodimontozzi.it\" \/>\n<meta name=\"twitter:card\" content=\"summary_large_image\" \/>\n<meta name=\"twitter:label1\" content=\"Gesch\u00e4tzte Lesezeit\" \/>\n\t<meta name=\"twitter:data1\" content=\"2\u00a0Minuten\" \/>\n<script type=\"application\/ld+json\" class=\"yoast-schema-graph\">{\"@context\":\"https:\/\/schema.org\",\"@graph\":[{\"@type\":\"WebPage\",\"@id\":\"https:\/\/www.castellodimontozzi.it\/de\/schloss-montozzi\/\",\"url\":\"https:\/\/www.castellodimontozzi.it\/de\/schloss-montozzi\/\",\"name\":\"Schloss Montozzi - www.castellodimontozzi.it\",\"isPartOf\":{\"@id\":\"https:\/\/www.castellodimontozzi.it\/#website\"},\"datePublished\":\"2018-10-03T08:14:53+00:00\",\"breadcrumb\":{\"@id\":\"https:\/\/www.castellodimontozzi.it\/de\/schloss-montozzi\/#breadcrumb\"},\"inLanguage\":\"de\",\"potentialAction\":[{\"@type\":\"ReadAction\",\"target\":[\"https:\/\/www.castellodimontozzi.it\/de\/schloss-montozzi\/\"]}]},{\"@type\":\"BreadcrumbList\",\"@id\":\"https:\/\/www.castellodimontozzi.it\/de\/schloss-montozzi\/#breadcrumb\",\"itemListElement\":[{\"@type\":\"ListItem\",\"position\":1,\"name\":\"Home\",\"item\":\"https:\/\/www.castellodimontozzi.it\/de\/\"},{\"@type\":\"ListItem\",\"position\":2,\"name\":\"Schloss Montozzi\"}]},{\"@type\":\"WebSite\",\"@id\":\"https:\/\/www.castellodimontozzi.it\/#website\",\"url\":\"https:\/\/www.castellodimontozzi.it\/\",\"name\":\"www.castellodimontozzi.it\",\"description\":\"Just another WordPress site\",\"potentialAction\":[{\"@type\":\"SearchAction\",\"target\":{\"@type\":\"EntryPoint\",\"urlTemplate\":\"https:\/\/www.castellodimontozzi.it\/?s={search_term_string}\"},\"query-input\":{\"@type\":\"PropertyValueSpecification\",\"valueRequired\":true,\"valueName\":\"search_term_string\"}}],\"inLanguage\":\"de\"}]}<\/script>\n<!-- \/ Yoast SEO plugin. -->","yoast_head_json":{"title":"Schloss Montozzi - www.castellodimontozzi.it","robots":{"index":"index","follow":"follow","max-snippet":"max-snippet:-1","max-image-preview":"max-image-preview:large","max-video-preview":"max-video-preview:-1"},"canonical":"https:\/\/www.castellodimontozzi.it\/de\/schloss-montozzi\/","og_locale":"de_DE","og_type":"article","og_title":"Schloss Montozzi - www.castellodimontozzi.it","og_description":"[mk_page_section bg_image=&#8220;https:\/\/www.castellodimontozzi.it\/wp-content\/uploads\/2018\/02\/cover-castello-di-montozzi.jpg&#8220; bg_position=&#8220;center center&#8220; bg_repeat=&#8220;no-repeat&#8220; bg_stretch=&#8220;true&#8220; video_color_mask=&#8220;#000000&#8243; video_opacity=&#8220;0.1&#8243; min_height=&#8220;480&#8243; full_width=&#8220;true&#8220; full_height=&#8220;true&#8220; padding_top=&#8220;0&#8243; padding_bottom=&#8220;0&#8243; skip_arrow=&#8220;true&#8220; sidebar=&#8220;sidebar-1&#8243;][vc_column][mk_fancy_title color=&#8220;#ffffff&#8220; size=&#8220;50&#8243; font_weight=&#8220;300&#8243; txt_transform=&#8220;uppercase&#8220; letter_spacing=&#8220;2&#8243; font_family=&#8220;none&#8220; align=&#8220;center&#8220;]Schloss Montozzi[\/mk_fancy_title][mk_fancy_title color=&#8220;#ffffff&#8220; size=&#8220;36&#8243; font_weight=&#8220;300&#8243; txt_transform=&#8220;none&#8220; font_family=&#8220;none&#8220; align=&#8220;center&#8220;]Von der Festung bis zum l\u00e4ndlichen Weiler[\/mk_fancy_title][\/vc_column][\/mk_page_section][mk_page_section bg_stretch=&#8220;true&#8220; padding_top=&#8220;50&#8243; padding_bottom=&#8220;50&#8243; sidebar=&#8220;sidebar-1&#8243;][vc_column][mk_fancy_title size=&#8220;20&#8243; font_weight=&#8220;400&#8243; font_family=&#8220;none&#8220; align=&#8220;center&#8220;]Im Krieg und im Frieden[\/mk_fancy_title][vc_column_text css=&#8220;.vc_custom_1538554483881{margin-bottom: 0px !important;}&#8220;]Die ersten Informationen gehen auf das [&hellip;]","og_url":"https:\/\/www.castellodimontozzi.it\/de\/schloss-montozzi\/","og_site_name":"www.castellodimontozzi.it","twitter_card":"summary_large_image","twitter_misc":{"Gesch\u00e4tzte Lesezeit":"2\u00a0Minuten"},"schema":{"@context":"https:\/\/schema.org","@graph":[{"@type":"WebPage","@id":"https:\/\/www.castellodimontozzi.it\/de\/schloss-montozzi\/","url":"https:\/\/www.castellodimontozzi.it\/de\/schloss-montozzi\/","name":"Schloss Montozzi - www.castellodimontozzi.it","isPartOf":{"@id":"https:\/\/www.castellodimontozzi.it\/#website"},"datePublished":"2018-10-03T08:14:53+00:00","breadcrumb":{"@id":"https:\/\/www.castellodimontozzi.it\/de\/schloss-montozzi\/#breadcrumb"},"inLanguage":"de","potentialAction":[{"@type":"ReadAction","target":["https:\/\/www.castellodimontozzi.it\/de\/schloss-montozzi\/"]}]},{"@type":"BreadcrumbList","@id":"https:\/\/www.castellodimontozzi.it\/de\/schloss-montozzi\/#breadcrumb","itemListElement":[{"@type":"ListItem","position":1,"name":"Home","item":"https:\/\/www.castellodimontozzi.it\/de\/"},{"@type":"ListItem","position":2,"name":"Schloss Montozzi"}]},{"@type":"WebSite","@id":"https:\/\/www.castellodimontozzi.it\/#website","url":"https:\/\/www.castellodimontozzi.it\/","name":"www.castellodimontozzi.it","description":"Just another WordPress site","potentialAction":[{"@type":"SearchAction","target":{"@type":"EntryPoint","urlTemplate":"https:\/\/www.castellodimontozzi.it\/?s={search_term_string}"},"query-input":{"@type":"PropertyValueSpecification","valueRequired":true,"valueName":"search_term_string"}}],"inLanguage":"de"}]}},"_links":{"self":[{"href":"https:\/\/www.castellodimontozzi.it\/de\/wp-json\/wp\/v2\/pages\/1475","targetHints":{"allow":["GET"]}}],"collection":[{"href":"https:\/\/www.castellodimontozzi.it\/de\/wp-json\/wp\/v2\/pages"}],"about":[{"href":"https:\/\/www.castellodimontozzi.it\/de\/wp-json\/wp\/v2\/types\/page"}],"author":[{"embeddable":true,"href":"https:\/\/www.castellodimontozzi.it\/de\/wp-json\/wp\/v2\/users\/1"}],"replies":[{"embeddable":true,"href":"https:\/\/www.castellodimontozzi.it\/de\/wp-json\/wp\/v2\/comments?post=1475"}],"version-history":[{"count":1,"href":"https:\/\/www.castellodimontozzi.it\/de\/wp-json\/wp\/v2\/pages\/1475\/revisions"}],"predecessor-version":[{"id":1476,"href":"https:\/\/www.castellodimontozzi.it\/de\/wp-json\/wp\/v2\/pages\/1475\/revisions\/1476"}],"wp:attachment":[{"href":"https:\/\/www.castellodimontozzi.it\/de\/wp-json\/wp\/v2\/media?parent=1475"}],"curies":[{"name":"wp","href":"https:\/\/api.w.org\/{rel}","templated":true}]}}